{"id":3,"date":"2022-12-02T09:12:34","date_gmt":"2022-12-02T09:12:34","guid":{"rendered":"https:\/\/avasolis.com\/?page_id=3"},"modified":"2025-03-01T16:48:35","modified_gmt":"2025-03-01T14:48:35","slug":"politika-za-poveritelnost","status":"publish","type":"page","link":"https:\/\/avasolis.com\/tr\/politika-za-poveritelnost\/","title":{"rendered":"Gizlilik Politikas\u0131"},"content":{"rendered":"<p><strong>\"Avasolis\" E\u041e\u041eD<\/strong> M\u00fc\u015fterilerine sadece bir m\u00fclk sat\u0131n alma, satma, kiralama veya kiraya verme konusunda arac\u0131l\u0131k etmekle kalmay\u0131p, ayn\u0131 zamanda bu s\u00fcre\u00e7te g\u00fcvenlik, kaliteli hizmet ve y\u00fcksek standartlar sunar. \u015eirket, her m\u00fc\u015fterinin mahremiyet hakk\u0131na sayg\u0131 duyar ve sa\u011flanan hizmetlerle ba\u011flant\u0131l\u0131 olarak toplanan ve i\u015flenen verilerin korunmas\u0131 y\u00f6n\u00fcnde \u00e7al\u0131\u015f\u0131r.<\/p>\n\n\n\n<p>Bu hedeflere ula\u015fmak i\u00e7in, y\u00f6netici s\u0131fat\u0131yla ki\u015fisel verilerin i\u015flenmesi gerekmektedir. <strong>\"Avasolis\" E\u041e\u041eD<\/strong> toplar, saklar, i\u015fler ve payla\u015f\u0131r, gerekliliklere g\u00f6re <strong>Y\u00f6netmelik (AB) 2016\/679<\/strong> Avrupa Parlamentosu ve Konseyi<\/p>\n\n\n\n<h4 class=\"wp-block-heading\">Ki\u015fisel Veri Sorumlusu Hakk\u0131nda Bilgi<\/h4>\n\n\n\n<ul class=\"wp-block-list\">\n<li><strong>Ad<\/strong>\"Avasolis\" E\u041e\u041eD<\/li>\n\n\n\n<li><strong>Faaliyetler<\/strong>gayrimenkul al\u0131m sat\u0131m\u0131nda arac\u0131l\u0131k, emlak ticareti, in\u015faat m\u00fcteahhitli\u011fi, turizm hizmetleri, otelcilik, nakliye, programlama, reklam ve dan\u0131\u015fmanl\u0131k hizmetleri, mal ithalat\u0131 ve ihracat\u0131 ve di\u011ferleri<\/li>\n\n\n\n<li><strong>Temsilci<\/strong>: Desislava Nikolaeva Tsvetkova<\/li>\n\n\n\n<li><strong>\u0130leti\u015fim<\/strong>:\n<ul class=\"wp-block-list\">\n<li><strong>E-posta<\/strong>: <a href=\"mailto:ava@avasolis.com\">ava@avasolis.com<\/a><\/li>\n\n\n\n<li><strong>Telefon<\/strong>: 0888270676<\/li>\n\n\n\n<li><strong>E\u0130K<\/strong>: 205696581<\/li>\n\n\n\n<li><strong>Adres<\/strong>: Sofya, Hristo Belchev Sokak 42<\/li>\n<\/ul>\n<\/li>\n<\/ul>\n\n\n\n<p>\"Avasolis\" Ltd. ki\u015fisel verilerin y\u00f6neticisidir <strong>Y\u00f6netmelik<\/strong>, <strong>Ki\u015fisel Verileri Koruma Kanunu<\/strong> ve ilgili mevzuat, i\u015fledi\u011fi ki\u015fisel verilerin g\u00fcvenli\u011fini sa\u011flamay\u0131 taahh\u00fct eder.<\/p>\n\n\n\n<h4 class=\"wp-block-heading\">Tan\u0131mlar ve Kullan\u0131lan Tan\u0131mlar<\/h4>\n\n\n\n<ul class=\"wp-block-list\">\n<li><strong>Ki\u015fisel Veriler<\/strong> \u2013 kimli\u011fi belirli veya ad\u0131, kimlik numaras\u0131, konum verileri, \u00e7evrimi\u00e7i tan\u0131mlay\u0131c\u0131 gibi bir tan\u0131mlay\u0131c\u0131 arac\u0131l\u0131\u011f\u0131yla do\u011frudan veya dolayl\u0131 olarak tan\u0131mlanabilen bir ki\u015fiyle ilgili her t\u00fcrl\u00fc bilgi (Madde 4, f\u0131kra 1, Y\u00f6netmelik (AB) 2016\/679).<\/li>\n\n\n\n<li><strong>Ki\u015fisel verilerin i\u015flenmesi<\/strong> \u2013 ki\u015fisel verilerle ger\u00e7ekle\u015ftirilen toplama, kaydetme, saklama, yap\u0131land\u0131rma, dan\u0131\u015fma, aktarma, silme vb. dahil olmak \u00fczere her t\u00fcrl\u00fc i\u015flem veya bir dizi i\u015flem (Madde 4, paragraf 2, Y\u00f6netmelik (AB) 2016\/679).<\/li>\n<\/ul>\n\n\n\n<h4 class=\"wp-block-heading\">Toplanan bilgi t\u00fcrleri<\/h4>\n\n\n\n<p>\"Avasolis\" Ltd. ile ilgili bilgi toplar:<\/p>\n\n\n\n<ul class=\"wp-block-list\">\n<li>Gayrimenkul al\u0131m\u0131, sat\u0131m\u0131, kiralanmas\u0131 veya kiraya verilmesinde arac\u0131l\u0131k;<\/li>\n\n\n\n<li>\u0130\u015f, medeni ve s\u00f6zle\u015fmeye dayal\u0131 ili\u015fkiler, ki <strong>\"Avasolis\" E\u041e\u041eD<\/strong> bir \u00fclke;<\/li>\n\n\n\n<li>Web sitesi, sosyal medya profilleri ve uygulamalar arac\u0131l\u0131\u011f\u0131yla <strong>\"Avasolis\" E\u041e\u041eD<\/strong> hizmet sunar.<\/li>\n<\/ul>\n\n\n\n<h4 class=\"wp-block-heading\">\u0130\u015flenen ki\u015fisel veri t\u00fcrleri<\/h4>\n\n\n\n<ul class=\"wp-block-list\">\n<li><strong>\u0130leti\u015fim Bilgileri<\/strong> \u2013 ad, e-posta, telefon, adres;<\/li>\n\n\n\n<li><strong>S\u00f6zle\u015fme imzalama verileri<\/strong> \u2013 \u00fc\u00e7 isim, TC Kimlik No, kimlik belgesi, adres;<\/li>\n\n\n\n<li><strong>Sosyal medya verileri<\/strong> \u2013 kullan\u0131c\u0131 ad\u0131, e-posta, profil foto\u011fraf\u0131;<\/li>\n\n\n\n<li><strong>Etkinlik verileri<\/strong> \u2013 IP adresi, taray\u0131c\u0131 t\u00fcr\u00fc, kullan\u0131lan hizmetler ve etkile\u015fimler.<\/li>\n<\/ul>\n\n\n\n<h4 class=\"wp-block-heading\">Ki\u015fisel verilerin i\u015flenmesi<\/h4>\n\n\n\n<p>Ki\u015fisel verilerin i\u015flenmesi \u015fu yollarla yap\u0131l\u0131r:<\/p>\n\n\n\n<ul class=\"wp-block-list\">\n<li>Formlar, talepler, s\u00f6zle\u015fmeler vb. doldurma;<\/li>\n\n\n\n<li>IP adresleri ve \u00e7erezler hakk\u0131nda bilgi i\u015fleme;<\/li>\n\n\n\n<li>Veri g\u00fcncelleme, ilgili ki\u015finin talebi \u00fczerine veya yasal bir zorunluluk nedeniyle;<\/li>\n\n\n\n<li>Yasal y\u00fck\u00fcml\u00fcl\u00fckler kapsam\u0131nda devlet kurumlar\u0131yla veri payla\u015f\u0131m\u0131.<\/li>\n<\/ul>\n\n\n\n<h4 class=\"wp-block-heading\">Ger\u00e7ek ki\u015filerin haklar\u0131<\/h4>\n\n\n\n<p>Ger\u00e7ek ki\u015filer \u015funlara sahiptir:<\/p>\n\n\n\n<ul class=\"wp-block-list\">\n<li><strong>Eri\u015fim<\/strong> ki\u015fisel verilerinize ve bunlardan bir al\u0131nt\u0131ya;<\/li>\n\n\n\n<li><strong>D\u00fczeltme<\/strong> ki\u015fisel verilerin yanl\u0131\u015f veya eksik olmas\u0131 durumunda;<\/li>\n\n\n\n<li><strong>Sil<\/strong> veriler \u00fczerine (\"unutulma hakk\u0131\");<\/li>\n\n\n\n<li><strong>K\u0131s\u0131tlama<\/strong> veri i\u015fleme \u00fczerine;<\/li>\n\n\n\n<li><strong>\u0130tiraz<\/strong> verilerin i\u015flenmesine kar\u015f\u0131;<\/li>\n\n\n\n<li><strong>Ta\u015f\u0131nabilirlik<\/strong> hizmet sa\u011flay\u0131c\u0131s\u0131 de\u011fi\u015fikli\u011finde veriler \u00fczerine;<\/li>\n\n\n\n<li><strong>\u015eikayet<\/strong> kadar <strong>Ki\u015fisel Verileri Koruma Kurulu<\/strong> Bulgaristan'da.<\/li>\n<\/ul>\n\n\n\n<h4 class=\"wp-block-heading\">\u00c7erez Politikas\u0131<\/h4>\n\n\n\n<p>Web sitesinde <strong>\"Avasolis\" E\u041e\u041eD<\/strong> kullan\u0131c\u0131 deneyimini geli\u015ftirmek i\u00e7in \u00e7erezler kullan\u0131l\u0131r. \u00c7erezler \u015funlar olabilir:<\/p>\n\n\n\n<ul class=\"wp-block-list\">\n<li><strong>Oturum \u00e7erezleri<\/strong> \u2013 ge\u00e7ici, taray\u0131c\u0131 kapat\u0131ld\u0131ktan sonra kaybolur;<\/li>\n\n\n\n<li><strong>Kal\u0131c\u0131 \u00e7erezler<\/strong> \u2013 belirli bir s\u00fcre i\u00e7in saklan\u0131r;<\/li>\n\n\n\n<li><strong>\u00dc\u00e7\u00fcnc\u00fc taraf \u00e7erezleri<\/strong> \u2013 \u00f6rne\u011fin analizler, reklam ve sosyal a\u011flar i\u00e7in.<\/li>\n<\/ul>\n\n\n\n<h4 class=\"wp-block-heading\">Kullan\u0131lan Hizmetler<\/h4>\n\n\n\n<ul class=\"wp-block-list\">\n<li><strong>Google Analytics<\/strong> \u2013 trafik analizi i\u00e7in (<a href=\"https:\/\/support.google.com\/analytics\/answer\/181881\" target=\"_blank\" rel=\"noreferrer noopener nofollow\">Takip etmeyi reddetme<\/a>)<\/li>\n\n\n\n<li><strong>YouTube<\/strong> \u2013 videolar\u0131n kalitesini ayarlamak i\u00e7in<\/li>\n\n\n\n<li><strong>Facebook Pikseli<\/strong> \u2013 reklam ama\u00e7l\u0131<\/li>\n\n\n\n<li><strong>Yandex Metrika<\/strong> \u2013 ek analiz i\u00e7in<\/li>\n<\/ul>\n\n\n\n<p>Kullan\u0131c\u0131lar \u00e7erezleri taray\u0131c\u0131 ayarlar\u0131 arac\u0131l\u0131\u011f\u0131yla y\u00f6netebilir.<\/p>\n\n\n\n<h4 class=\"wp-block-heading\">Politika de\u011fi\u015fiklikleri<\/h4>\n\n\n\n<p>\"Avasolis\" EOOD, i\u015fbu gizlilik politikas\u0131n\u0131 de\u011fi\u015ftirme hakk\u0131n\u0131 sakl\u0131 tutar. T\u00fcm de\u011fi\u015fiklikler bu sayfada yay\u0131nlanacakt\u0131r.<\/p>","protected":false},"excerpt":{"rendered":"<p>\u201c\u0410\u0432\u0430\u0441\u043e\u043b\u0438\u0441\u201d \u0415\u041e\u041e\u0414 \u043f\u0440\u0435\u0434\u043e\u0441\u0442\u0430\u0432\u044f \u043d\u0430 \u0441\u0432\u043e\u0438\u0442\u0435 \u043a\u043b\u0438\u0435\u043d\u0442\u0438 \u043d\u0435 \u0441\u0430\u043c\u043e \u043f\u043e\u0441\u0440\u0435\u0434\u043d\u0438\u0447\u0435\u0441\u0442\u0432\u043e \u043f\u0440\u0438 \u0437\u0430\u043a\u0443\u043f\u0443\u0432\u0430\u043d\u0435, \u043f\u0440\u043e\u0434\u0430\u0436\u0431\u0430, \u043e\u0442\u0434\u0430\u0432\u0430\u043d\u0435 \u0438\u043b\u0438 \u043d\u0430\u0435\u043c\u0430\u043d\u0435 \u043d\u0430 \u0438\u043c\u043e\u0442, \u043d\u043e \u0438 \u0441\u0438\u0433\u0443\u0440\u043d\u043e\u0441\u0442 \u0432 \u0442\u043e\u0437\u0438 \u043f\u0440\u043e\u0446\u0435\u0441, \u043a\u0430\u0447\u0435\u0441\u0442\u0432\u0435\u043d\u043e \u043e\u0431\u0441\u043b\u0443\u0436\u0432\u0430\u043d\u0435 \u0438 \u0432\u0438\u0441\u043e\u043a \u0441\u0442\u0430\u043d\u0434\u0430\u0440\u0442. \u0414\u0440\u0443\u0436\u0435\u0441\u0442\u0432\u043e\u0442\u043e \u0443\u0432\u0430\u0436\u0430\u0432\u0430 \u043f\u0440\u0430\u0432\u043e\u0442\u043e \u043d\u0430 \u043d\u0435\u043f\u0440\u0438\u043a\u043e\u0441\u043d\u043e\u0432\u0435\u043d\u043e\u0441\u0442 \u043d\u0430 \u043b\u0438\u0447\u043d\u0438\u044f \u0436\u0438\u0432\u043e\u0442 \u043d\u0430 \u0432\u0441\u0435\u043a\u0438 \u043a\u043b\u0438\u0435\u043d\u0442 \u0438 \u0440\u0430\u0431\u043e\u0442\u0438 \u0432 \u043f\u043e\u0441\u043e\u043a\u0430 \u0437\u0430\u0449\u0438\u0442\u0430 \u043d\u0430 \u0434\u0430\u043d\u043d\u0438\u0442\u0435, \u043a\u043e\u0438\u0442\u043e \u0441\u0435 \u0441\u044a\u0431\u0438\u0440\u0430\u0442 \u0438 \u043e\u0431\u0440\u0430\u0431\u043e\u0442\u0432\u0430\u0442 \u0432\u044a\u0432 \u0432\u0440\u044a\u0437\u043a\u0430 \u0441 \u043f\u0440\u0435\u0434\u043e\u0441\u0442\u0430\u0432\u044f\u043d\u0438\u0442\u0435 [&hellip;]<\/p>\n","protected":false},"author":1240,"featured_media":0,"parent":0,"menu_order":0,"comment_status":"closed","ping_status":"closed","template":"template\/template-page.php","meta":{"footnotes":""},"class_list":["post-3","page","type-page","status-publish","hentry"],"_links":{"self":[{"href":"https:\/\/avasolis.com\/tr\/wp-json\/wp\/v2\/pages\/3","targetHints":{"allow":["GET"]}}],"collection":[{"href":"https:\/\/avasolis.com\/tr\/wp-json\/wp\/v2\/pages"}],"about":[{"href":"https:\/\/avasolis.com\/tr\/wp-json\/wp\/v2\/types\/page"}],"author":[{"embeddable":true,"href":"https:\/\/avasolis.com\/tr\/wp-json\/wp\/v2\/users\/1240"}],"replies":[{"embeddable":true,"href":"https:\/\/avasolis.com\/tr\/wp-json\/wp\/v2\/comments?post=3"}],"version-history":[{"count":5,"href":"https:\/\/avasolis.com\/tr\/wp-json\/wp\/v2\/pages\/3\/revisions"}],"predecessor-version":[{"id":10932,"href":"https:\/\/avasolis.com\/tr\/wp-json\/wp\/v2\/pages\/3\/revisions\/10932"}],"wp:attachment":[{"href":"https:\/\/avasolis.com\/tr\/wp-json\/wp\/v2\/media?parent=3"}],"curies":[{"name":"wp","href":"https:\/\/api.w.org\/{rel}","templated":true}]}}