{"id":11255,"date":"2025-03-28T18:08:49","date_gmt":"2025-03-28T16:08:49","guid":{"rendered":"https:\/\/avasolis.com\/?page_id=11255"},"modified":"2025-04-30T09:36:18","modified_gmt":"2025-04-30T06:36:18","slug":"ekspertni-pazarni-prouchvaniya","status":"publish","type":"page","link":"https:\/\/avasolis.com\/tr\/ekspertni-pazarni-prouchvaniya\/","title":{"rendered":"Uzman pazar ara\u015ft\u0131rmalar\u0131"},"content":{"rendered":"<p>Yak\u0131nda bekleyin<\/p>","protected":false},"excerpt":{"rendered":"<p>Yak\u0131nda bekleyin<\/p>","protected":false},"author":1240,"featured_media":0,"parent":0,"menu_order":0,"comment_status":"closed","ping_status":"closed","template":"template\/template-page.php","meta":{"footnotes":""},"class_list":["post-11255","page","type-page","status-publish","hentry"],"_links":{"self":[{"href":"https:\/\/avasolis.com\/tr\/wp-json\/wp\/v2\/pages\/11255","targetHints":{"allow":["GET"]}}],"collection":[{"href":"https:\/\/avasolis.com\/tr\/wp-json\/wp\/v2\/pages"}],"about":[{"href":"https:\/\/avasolis.com\/tr\/wp-json\/wp\/v2\/types\/page"}],"author":[{"embeddable":true,"href":"https:\/\/avasolis.com\/tr\/wp-json\/wp\/v2\/users\/1240"}],"replies":[{"embeddable":true,"href":"https:\/\/avasolis.com\/tr\/wp-json\/wp\/v2\/comments?post=11255"}],"version-history":[{"count":2,"href":"https:\/\/avasolis.com\/tr\/wp-json\/wp\/v2\/pages\/11255\/revisions"}],"predecessor-version":[{"id":11807,"href":"https:\/\/avasolis.com\/tr\/wp-json\/wp\/v2\/pages\/11255\/revisions\/11807"}],"wp:attachment":[{"href":"https:\/\/avasolis.com\/tr\/wp-json\/wp\/v2\/media?parent=11255"}],"curies":[{"name":"wp","href":"https:\/\/api.w.org\/{rel}","templated":true}]}}