{"id":5464,"date":"2023-02-17T11:51:41","date_gmt":"2023-02-17T11:51:41","guid":{"rendered":"https:\/\/avasolis.com\/?page_id=5464"},"modified":"2025-04-30T10:37:19","modified_gmt":"2025-04-30T07:37:19","slug":"zashto-da-kupite-s-nas","status":"publish","type":"page","link":"https:\/\/avasolis.com\/ro\/zashto-da-kupite-s-nas\/","title":{"rendered":"De ce s\u0103 cumperi cu noi"},"content":{"rendered":"<div data-elementor-type=\"wp-page\" data-elementor-id=\"5464\" class=\"elementor elementor-5464\" data-elementor-post-type=\"page\">\n\t\t\t\t<div data-particle_enable=\"false\" data-particle-mobile-disabled=\"false\" class=\"elementor-element elementor-element-900289b e-con-full e-flex elementor-invisible e-con e-parent\" data-id=\"900289b\" data-element_type=\"container\" data-e-type=\"container\" data-settings=\"{&quot;background_background&quot;:&quot;classic&quot;,&quot;animation&quot;:&quot;zoomIn&quot;,&quot;animation_delay&quot;:500}\">\n\t\t\t\t<div class=\"elementor-element elementor-element-7ed4333 elementor-widget elementor-widget-heading\" data-id=\"7ed4333\" data-element_type=\"widget\" data-e-type=\"widget\" data-widget_type=\"heading.default\">\n\t\t\t\t<div class=\"elementor-widget-container\">\n\t\t\t\t\t<h2 class=\"elementor-heading-title elementor-size-default\">De ce s\u0103 cumperi cu noi<\/h2>\t\t\t\t<\/div>\n\t\t\t\t<\/div>\n\t\t\t\t<\/div>\n\t\t<div data-particle_enable=\"false\" data-particle-mobile-disabled=\"false\" class=\"elementor-element elementor-element-7f2d110 e-flex e-con-boxed e-con e-parent\" data-id=\"7f2d110\" data-element_type=\"container\" data-e-type=\"container\">\n\t\t\t\t\t<div class=\"e-con-inner\">\n\t\t\t\t<div class=\"elementor-element elementor-element-71ce8ca elementor-widget elementor-widget-text-editor\" data-id=\"71ce8ca\" data-element_type=\"widget\" data-e-type=\"widget\" data-widget_type=\"text-editor.default\">\n\t\t\t\t<div class=\"elementor-widget-container\">\n\t\t\t\t\t\t\t\t\t<p>Achizi\u021bia unei propriet\u0103\u021bi este un moment special pe care \u00eel \u021binem minte o via\u021b\u0103.<\/p><p>Dac\u0103 sunte\u021bi \u00een c\u0103utarea unui partener de \u00eencredere care v\u0103 protejeaz\u0103 interesul f\u0103r\u0103 compromisuri \u0219i \u00ee\u0219i respect\u0103 angajamentele cu loialitate - abia a\u0219tept\u0103m s\u0103 ne \u00eent\u00e2lnim!<\/p><p>De la discu\u021bia despre ideea dumneavoastr\u0103 - p\u00e2n\u0103 la descoperirea acelei propriet\u0103\u021bi neobi\u0219nuite, care este \u0219i o investi\u021bie cu adev\u0103rat bun\u0103 - exper\u021bii califica\u021bi ai AvaSolis sunt al\u0103turi de dumneavoastr\u0103 \u00een fiecare etap\u0103 a achizi\u021biei propriet\u0103\u021bii.<\/p><p>De ce cu noi? Pentru c\u0103 drumul c\u0103tre proprietatea dorit\u0103 poate fi lung \u0219i nesigur, dar poate fi \u0219i confortabil, sigur \u0219i captivant \u2013 depinde cu cine alegi s\u0103-l parcurgi.<\/p><p>Suntem diferi\u021bi. AvaSolis este descoperitorul noului t\u0103u \u00eenceput.<\/p><h4>S\u0103 ne \u00eent\u00e2lnim!<\/h4>\t\t\t\t\t\t\t\t<\/div>\n\t\t\t\t<\/div>\n\t\t\t\t<div class=\"elementor-element elementor-element-6bb4c9b elementor-widget elementor-widget-spacer\" data-id=\"6bb4c9b\" data-element_type=\"widget\" data-e-type=\"widget\" data-widget_type=\"spacer.default\">\n\t\t\t\t<div class=\"elementor-widget-container\">\n\t\t\t\t\t\t\t<div class=\"elementor-spacer\">\n\t\t\t<div class=\"elementor-spacer-inner\"><\/div>\n\t\t<\/div>\n\t\t\t\t\t\t<\/div>\n\t\t\t\t<\/div>\n\t\t\t\t<div class=\"elementor-element elementor-element-690773e elementor-widget elementor-widget-houzez_elementor_agents_grid\" data-id=\"690773e\" data-element_type=\"widget\" data-e-type=\"widget\" data-widget_type=\"houzez_elementor_agents_grid.default\">\n\t\t\t\t<div class=\"elementor-widget-container\">\n\t\t\t\t\t\n        <div class=\"agent-v3-grid-module agents-grid-view row row-cols-1 row-cols-md-2 row-cols-lg-3 row-cols-xl-4 g-3\">\n\n            <article class=\"agent-grid-container\" id=\"9187\">\n\t<div class=\"agent-grid-wrap agent-grid-wrap-v2\">\t\n\t\t<header class=\"agent-grid-image-wrap text-center\">\n\t\t\t<a class=\"agent-grid-image d-block\" href=\"https:\/\/avasolis.com\/ro\/agent\/ava-tzvetkova\/\">\n\t\t\t\t<img fetchpriority=\"high\" decoding=\"async\" width=\"780\" height=\"780\" src=\"https:\/\/avasolis.com\/wp-content\/uploads\/2025\/02\/ava-tzvetkova-2-780x780.jpg\" class=\"img-fluid wp-post-image\" alt=\"Ava tzvetkova 2\" srcset=\"https:\/\/avasolis.com\/wp-content\/uploads\/2025\/02\/ava-tzvetkova-2-780x780.jpg 780w, https:\/\/avasolis.com\/wp-content\/uploads\/2025\/02\/ava-tzvetkova-2-150x150.jpg 150w\" sizes=\"(max-width: 780px) 100vw, 780px\" \/>\t\t\t\t\n\n\t\t\t\t\t\t\t<\/a>\n\t\t\t<h2 class=\"mt-4 mb-1\"><a href=\"https:\/\/avasolis.com\/ro\/agent\/ava-tzvetkova\/\">Ava \u021avetkova<\/a><\/h2>\n\t\t\t\t\t\t<div class=\"agent-list-position mb-3\" role=\"text\">Fondator | Expert imobiliar<\/div>\n\t\t\t\t\t<\/header>\n\t\t<div class=\"agent-grid-content-wrap text-center p-3\">\n\t\t\t<ul class=\"agent-list-contact list-unstyled\">\n\t\t\t\t\t\t\t\t<li class=\"agent-listings-count\">Propriet\u0103\u021bi: <strong>70<\/strong><\/li>\n\t\t\t\t\n\t\t\t\t\t\t\t<\/ul>\n\t\t\t<a class=\"btn btn-primary-outlined w-100\" href=\"https:\/\/avasolis.com\/ro\/agent\/ava-tzvetkova\/\" role=\"button\">\n\t\t\t\tVezi profil<\/a>\n\t\t<\/div>\n\t<\/div>\n<\/article><article class=\"agent-grid-container\" id=\"11099\">\n\t<div class=\"agent-grid-wrap agent-grid-wrap-v2\">\t\n\t\t<header class=\"agent-grid-image-wrap text-center\">\n\t\t\t<a class=\"agent-grid-image d-block\" href=\"https:\/\/avasolis.com\/ro\/agent\/adv-gergana-daskalova\/\">\n\t\t\t\t<img decoding=\"async\" width=\"780\" height=\"780\" src=\"https:\/\/avasolis.com\/wp-content\/uploads\/2025\/03\/Gergana-Daskalova-780x780.jpeg\" class=\"img-fluid wp-post-image\" alt=\"\" srcset=\"https:\/\/avasolis.com\/wp-content\/uploads\/2025\/03\/Gergana-Daskalova-780x780.jpeg 780w, https:\/\/avasolis.com\/wp-content\/uploads\/2025\/03\/Gergana-Daskalova-150x150.jpeg 150w\" sizes=\"(max-width: 780px) 100vw, 780px\" \/>\t\t\t\t\n\n\t\t\t\t\t\t\t<\/a>\n\t\t\t<h2 class=\"mt-4 mb-1\"><a href=\"https:\/\/avasolis.com\/ro\/agent\/adv-gergana-daskalova\/\">Av. Gergana Daskalova<\/a><\/h2>\n\t\t\t\t\t\t<div class=\"agent-list-position mb-3\" role=\"text\">Consilier juridic<\/div>\n\t\t\t\t\t<\/header>\n\t\t<div class=\"agent-grid-content-wrap text-center p-3\">\n\t\t\t<ul class=\"agent-list-contact list-unstyled\">\n\t\t\t\t\n\t\t\t\t\t\t\t<\/ul>\n\t\t\t<a class=\"btn btn-primary-outlined w-100\" href=\"https:\/\/avasolis.com\/ro\/agent\/adv-gergana-daskalova\/\" role=\"button\">\n\t\t\t\tVezi profil<\/a>\n\t\t<\/div>\n\t<\/div>\n<\/article><article class=\"agent-grid-container\" id=\"11096\">\n\t<div class=\"agent-grid-wrap agent-grid-wrap-v2\">\t\n\t\t<header class=\"agent-grid-image-wrap text-center\">\n\t\t\t<a class=\"agent-grid-image d-block\" href=\"https:\/\/avasolis.com\/ro\/agent\/hristina-boyanova-2\/\">\n\t\t\t\t<img decoding=\"async\" width=\"780\" height=\"780\" src=\"https:\/\/avasolis.com\/wp-content\/uploads\/2025\/03\/Hristina-Boyanova-780x780.jpeg\" class=\"img-fluid wp-post-image\" alt=\"\" srcset=\"https:\/\/avasolis.com\/wp-content\/uploads\/2025\/03\/Hristina-Boyanova-780x780.jpeg 780w, https:\/\/avasolis.com\/wp-content\/uploads\/2025\/03\/Hristina-Boyanova-150x150.jpeg 150w\" sizes=\"(max-width: 780px) 100vw, 780px\" \/>\t\t\t\t\n\n\t\t\t\t\t\t\t<\/a>\n\t\t\t<h2 class=\"mt-4 mb-1\"><a href=\"https:\/\/avasolis.com\/ro\/agent\/hristina-boyanova-2\/\">Hristina Boianova<\/a><\/h2>\n\t\t\t\t\t\t<div class=\"agent-list-position mb-3\" role=\"text\">Manager de marketing<\/div>\n\t\t\t\t\t<\/header>\n\t\t<div class=\"agent-grid-content-wrap text-center p-3\">\n\t\t\t<ul class=\"agent-list-contact list-unstyled\">\n\t\t\t\t\n\t\t\t\t\t\t\t<\/ul>\n\t\t\t<a class=\"btn btn-primary-outlined w-100\" href=\"https:\/\/avasolis.com\/ro\/agent\/hristina-boyanova-2\/\" role=\"button\">\n\t\t\t\tVezi profil<\/a>\n\t\t<\/div>\n\t<\/div>\n<\/article><article class=\"agent-grid-container\" id=\"9189\">\n\t<div class=\"agent-grid-wrap agent-grid-wrap-v2\">\t\n\t\t<header class=\"agent-grid-image-wrap text-center\">\n\t\t\t<a class=\"agent-grid-image d-block\" href=\"https:\/\/avasolis.com\/ro\/agent\/yuliya-teofilova\/\">\n\t\t\t\t<img loading=\"lazy\" decoding=\"async\" width=\"780\" height=\"780\" src=\"https:\/\/avasolis.com\/wp-content\/uploads\/2025\/02\/yulia-teofilova-780x780.jpg\" class=\"img-fluid wp-post-image\" alt=\"Yulia teofilova\" srcset=\"https:\/\/avasolis.com\/wp-content\/uploads\/2025\/02\/yulia-teofilova-780x780.jpg 780w, https:\/\/avasolis.com\/wp-content\/uploads\/2025\/02\/yulia-teofilova-150x150.jpg 150w\" sizes=\"(max-width: 780px) 100vw, 780px\" \/>\t\t\t\t\n\n\t\t\t\t\t\t\t<\/a>\n\t\t\t<h2 class=\"mt-4 mb-1\"><a href=\"https:\/\/avasolis.com\/ro\/agent\/yuliya-teofilova\/\">Iulia Teofilova<\/a><\/h2>\n\t\t\t\t\t\t<div class=\"agent-list-position mb-3\" role=\"text\">Editor de anun\u021buri \u0219i coordonator de con\u021binut<\/div>\n\t\t\t\t\t<\/header>\n\t\t<div class=\"agent-grid-content-wrap text-center p-3\">\n\t\t\t<ul class=\"agent-list-contact list-unstyled\">\n\t\t\t\t\n\t\t\t\t\t\t\t\t<li class=\"agent-languages-list\">Limb\u0103: <strong>Englez\u0103<\/strong><\/li>\n\t\t\t\t\t\t\t<\/ul>\n\t\t\t<a class=\"btn btn-primary-outlined w-100\" href=\"https:\/\/avasolis.com\/ro\/agent\/yuliya-teofilova\/\" role=\"button\">\n\t\t\t\tVezi profil<\/a>\n\t\t<\/div>\n\t<\/div>\n<\/article><article class=\"agent-grid-container\" id=\"15020\">\n\t<div class=\"agent-grid-wrap agent-grid-wrap-v2\">\t\n\t\t<header class=\"agent-grid-image-wrap text-center\">\n\t\t\t<a class=\"agent-grid-image d-block\" href=\"https:\/\/avasolis.com\/ro\/agent\/panagiotis-chatzis\/\">\n\t\t\t\t<img loading=\"lazy\" decoding=\"async\" width=\"780\" height=\"780\" src=\"https:\/\/avasolis.com\/wp-content\/uploads\/2025\/07\/panagiotis-chatsiz-780x780.jpg\" class=\"img-fluid wp-post-image\" alt=\"Panagiotis chatsiz\" srcset=\"https:\/\/avasolis.com\/wp-content\/uploads\/2025\/07\/panagiotis-chatsiz-780x780.jpg 780w, https:\/\/avasolis.com\/wp-content\/uploads\/2025\/07\/panagiotis-chatsiz-150x150.jpg 150w, https:\/\/avasolis.com\/wp-content\/uploads\/2025\/07\/panagiotis-chatsiz-12x12.jpg 12w\" sizes=\"(max-width: 780px) 100vw, 780px\" \/>\t\t\t\t\n\n\t\t\t\t\t\t\t<\/a>\n\t\t\t<h2 class=\"mt-4 mb-1\"><a href=\"https:\/\/avasolis.com\/ro\/agent\/panagiotis-chatzis\/\">Panagiotis Chatzis<\/a><\/h2>\n\t\t\t\t\t\t<div class=\"agent-list-position mb-3\" role=\"text\">Consilier Imobiliar | Pie\u021be Interna\u021bionale<\/div>\n\t\t\t\t\t<\/header>\n\t\t<div class=\"agent-grid-content-wrap text-center p-3\">\n\t\t\t<ul class=\"agent-list-contact list-unstyled\">\n\t\t\t\t\t\t\t\t<li class=\"agent-listings-count\">Propriet\u0103\u021bi: <strong>3<\/strong><\/li>\n\t\t\t\t\n\t\t\t\t\t\t\t\t<li class=\"agent-languages-list\">Limb\u0103: <strong>Englez\u0103; Greac\u0103<\/strong><\/li>\n\t\t\t\t\t\t\t<\/ul>\n\t\t\t<a class=\"btn btn-primary-outlined w-100\" href=\"https:\/\/avasolis.com\/ro\/agent\/panagiotis-chatzis\/\" role=\"button\">\n\t\t\t\tVezi profil<\/a>\n\t\t<\/div>\n\t<\/div>\n<\/article><article class=\"agent-grid-container\" id=\"15019\">\n\t<div class=\"agent-grid-wrap agent-grid-wrap-v2\">\t\n\t\t<header class=\"agent-grid-image-wrap text-center\">\n\t\t\t<a class=\"agent-grid-image d-block\" href=\"https:\/\/avasolis.com\/ro\/agent\/zheni-petkozha\/\">\n\t\t\t\t<img loading=\"lazy\" decoding=\"async\" width=\"780\" height=\"780\" src=\"https:\/\/avasolis.com\/wp-content\/uploads\/2025\/07\/JeniP-780x780.jpg\" class=\"img-fluid wp-post-image\" alt=\"Jenip\" srcset=\"https:\/\/avasolis.com\/wp-content\/uploads\/2025\/07\/JeniP-780x780.jpg 780w, https:\/\/avasolis.com\/wp-content\/uploads\/2025\/07\/JeniP-150x150.jpg 150w, https:\/\/avasolis.com\/wp-content\/uploads\/2025\/07\/JeniP-12x12.jpg 12w\" sizes=\"(max-width: 780px) 100vw, 780px\" \/>\t\t\t\t\n\n\t\t\t\t\t\t\t<\/a>\n\t\t\t<h2 class=\"mt-4 mb-1\"><a href=\"https:\/\/avasolis.com\/ro\/agent\/zheni-petkozha\/\">Jeni Petkova<\/a><\/h2>\n\t\t\t\t\t\t<div class=\"agent-list-position mb-3\" role=\"text\">Consultant Imobiliar | Plovdiv<\/div>\n\t\t\t\t\t<\/header>\n\t\t<div class=\"agent-grid-content-wrap text-center p-3\">\n\t\t\t<ul class=\"agent-list-contact list-unstyled\">\n\t\t\t\t\t\t\t\t<li class=\"agent-listings-count\">Propriet\u0103\u021bi: <strong>1<\/strong><\/li>\n\t\t\t\t\n\t\t\t\t\t\t\t<\/ul>\n\t\t\t<a class=\"btn btn-primary-outlined w-100\" href=\"https:\/\/avasolis.com\/ro\/agent\/zheni-petkozha\/\" role=\"button\">\n\t\t\t\tVezi profil<\/a>\n\t\t<\/div>\n\t<\/div>\n<\/article>        <\/div><!-- agent-module -->\n\n        \n        \t\t\t\t<\/div>\n\t\t\t\t<\/div>\n\t\t\t\t\t<\/div>\n\t\t\t\t<\/div>\n\t\t\t\t<\/div>","protected":false},"excerpt":{"rendered":"<p>\u0417\u0430\u0449\u043e \u0434\u0430 \u043a\u0443\u043f\u0438\u0442\u0435 \u0441 \u043d\u0430\u0441 \u041f\u043e\u043a\u0443\u043f\u043a\u0430\u0442\u0430 \u043d\u0430 \u0438\u043c\u043e\u0442 \u0435 \u0441\u043f\u0435\u0446\u0438\u0430\u043b\u0435\u043d \u043c\u043e\u043c\u0435\u043d\u0442, \u043a\u043e\u0439\u0442\u043e \u043f\u043e\u043c\u043d\u0438\u043c \u0446\u044f\u043b \u0436\u0438\u0432\u043e\u0442. \u0410\u043a\u043e \u0442\u044a\u0440\u0441\u0438\u0442\u0435 \u0434\u043e\u0432\u0435\u0440\u0435\u043d \u043f\u0430\u0440\u0442\u043d\u044c\u043e\u0440, \u043a\u043e\u0439\u0442\u043e \u0437\u0430\u0449\u0438\u0442\u0430\u0432\u0430 \u0432\u0430\u0448\u0438\u044f \u0438\u043d\u0442\u0435\u0440\u0435\u0441 \u0431\u0435\u0437\u043a\u043e\u043c\u043f\u0440\u043e\u043c\u0438\u0441\u043d\u043e \u0438 \u043b\u043e\u044f\u043b\u043d\u043e \u0441\u043f\u0430\u0437\u0432\u0430 \u0430\u043d\u0433\u0430\u0436\u0438\u043c\u0435\u043d\u0442\u0438\u0442\u0435 \u0441\u0438 &#8211; \u043d\u044f\u043c\u0430\u043c\u0435 \u0442\u044a\u0440\u043f\u0435\u043d\u0438\u0435 \u0434\u0430 \u0441\u0435 \u0441\u0440\u0435\u0449\u043d\u0435\u043c! \u041e\u0442 \u0440\u0430\u0437\u0433\u043e\u0432\u043e\u0440\u0430 \u0437\u0430 \u0438\u0434\u0435\u044f\u0442\u0430 \u0432\u0438 &#8211; \u0434\u043e \u043e\u0442\u043a\u0440\u0438\u0432\u0430\u043d\u0435 \u043d\u0430 \u043e\u043d\u0437\u0438 \u043d\u0435\u043e\u0431\u0438\u043a\u043d\u043e\u0432\u0435\u043d \u0438\u043c\u043e\u0442, \u043a\u043e\u0439\u0442\u043e \u0435 \u0438 \u043d\u0430\u0438\u0441\u0442\u0438\u043d\u0430 \u0434\u043e\u0431\u0440\u0430 \u0438\u043d\u0432\u0435\u0441\u0442\u0438\u0446\u0438\u044f &#8211; \u043a\u0432\u0430\u043b\u0438\u0444\u0438\u0446\u0438\u0440\u0430\u043d\u0438\u0442\u0435 [&hellip;]<\/p>\n","protected":false},"author":1240,"featured_media":0,"parent":0,"menu_order":0,"comment_status":"closed","ping_status":"closed","template":"","meta":{"footnotes":""},"class_list":["post-5464","page","type-page","status-publish","hentry"],"_links":{"self":[{"href":"https:\/\/avasolis.com\/ro\/wp-json\/wp\/v2\/pages\/5464","targetHints":{"allow":["GET"]}}],"collection":[{"href":"https:\/\/avasolis.com\/ro\/wp-json\/wp\/v2\/pages"}],"about":[{"href":"https:\/\/avasolis.com\/ro\/wp-json\/wp\/v2\/types\/page"}],"author":[{"embeddable":true,"href":"https:\/\/avasolis.com\/ro\/wp-json\/wp\/v2\/users\/1240"}],"replies":[{"embeddable":true,"href":"https:\/\/avasolis.com\/ro\/wp-json\/wp\/v2\/comments?post=5464"}],"version-history":[{"count":5,"href":"https:\/\/avasolis.com\/ro\/wp-json\/wp\/v2\/pages\/5464\/revisions"}],"predecessor-version":[{"id":11867,"href":"https:\/\/avasolis.com\/ro\/wp-json\/wp\/v2\/pages\/5464\/revisions\/11867"}],"wp:attachment":[{"href":"https:\/\/avasolis.com\/ro\/wp-json\/wp\/v2\/media?parent=5464"}],"curies":[{"name":"wp","href":"https:\/\/api.w.org\/{rel}","templated":true}]}}