{"id":5466,"date":"2023-02-17T11:52:08","date_gmt":"2023-02-17T11:52:08","guid":{"rendered":"https:\/\/avasolis.com\/?page_id=5466"},"modified":"2026-02-08T02:01:22","modified_gmt":"2026-02-08T00:01:22","slug":"credit-counseling","status":"publish","type":"page","link":"https:\/\/avasolis.com\/pl\/credit-counseling\/","title":{"rendered":"Doradztwo kredytowe"},"content":{"rendered":"<div data-elementor-type=\"wp-page\" data-elementor-id=\"5466\" class=\"elementor elementor-5466\" data-elementor-post-type=\"page\">\n\t\t\t\t<div data-particle_enable=\"false\" data-particle-mobile-disabled=\"false\" class=\"elementor-element elementor-element-3f3166c e-con-full e-flex elementor-invisible e-con e-parent\" data-id=\"3f3166c\" data-element_type=\"container\" data-e-type=\"container\" data-settings=\"{&quot;background_background&quot;:&quot;classic&quot;,&quot;animation&quot;:&quot;zoomIn&quot;,&quot;animation_delay&quot;:500}\">\n\t\t\t\t<div class=\"elementor-element elementor-element-bb6e87e elementor-widget elementor-widget-heading\" data-id=\"bb6e87e\" data-element_type=\"widget\" data-e-type=\"widget\" data-widget_type=\"heading.default\">\n\t\t\t\t<div class=\"elementor-widget-container\">\n\t\t\t\t\t<h2 class=\"elementor-heading-title elementor-size-default\">Doradztwo kredytowe<\/h2>\t\t\t\t<\/div>\n\t\t\t\t<\/div>\n\t\t\t\t<\/div>\n\t\t<div data-particle_enable=\"false\" data-particle-mobile-disabled=\"false\" class=\"elementor-element elementor-element-24a7d84b e-flex e-con-boxed e-con e-parent\" data-id=\"24a7d84b\" data-element_type=\"container\" data-e-type=\"container\" data-settings=\"{&quot;background_background&quot;:&quot;classic&quot;}\">\n\t\t\t\t\t<div class=\"e-con-inner\">\n\t\t<div data-particle_enable=\"false\" data-particle-mobile-disabled=\"false\" class=\"elementor-element elementor-element-5bce891 e-con-full e-flex e-con e-child\" data-id=\"5bce891\" data-element_type=\"container\" data-e-type=\"container\" data-settings=\"{&quot;background_background&quot;:&quot;classic&quot;}\">\n\t\t<div data-particle_enable=\"false\" data-particle-mobile-disabled=\"false\" class=\"elementor-element elementor-element-26d172f6 e-con-full e-flex e-con e-child\" data-id=\"26d172f6\" data-element_type=\"container\" data-e-type=\"container\">\n\t\t\t\t<div class=\"elementor-element elementor-element-8e61200 elementor-widget elementor-widget-heading\" data-id=\"8e61200\" data-element_type=\"widget\" data-e-type=\"widget\" data-widget_type=\"heading.default\">\n\t\t\t\t<div class=\"elementor-widget-container\">\n\t\t\t\t\t<h2 class=\"elementor-heading-title elementor-size-default\">Credit Mentor - po\u015brednik kredytowy po Twojej stronie.<\/h2>\t\t\t\t<\/div>\n\t\t\t\t<\/div>\n\t\t\t\t<div class=\"elementor-element elementor-element-7434aa26 elementor-widget elementor-widget-image\" data-id=\"7434aa26\" data-element_type=\"widget\" data-e-type=\"widget\" data-widget_type=\"image.default\">\n\t\t\t\t<div class=\"elementor-widget-container\">\n\t\t\t\t\t\t\t\t\t\t\t\t\t\t\t<img fetchpriority=\"high\" decoding=\"async\" width=\"607\" height=\"315\" src=\"https:\/\/avasolis.com\/wp-content\/uploads\/2026\/02\/credit-mentor-logo.png\" class=\"attachment-full size-full wp-image-16855\" alt=\"\" srcset=\"https:\/\/avasolis.com\/wp-content\/uploads\/2026\/02\/credit-mentor-logo.png 607w, https:\/\/avasolis.com\/wp-content\/uploads\/2026\/02\/credit-mentor-logo-18x9.png 18w\" sizes=\"(max-width: 607px) 100vw, 607px\" \/>\t\t\t\t\t\t\t\t\t\t\t\t\t\t\t<\/div>\n\t\t\t\t<\/div>\n\t\t\t\t<div class=\"elementor-element elementor-element-4258cb6d elementor-icon-list--layout-traditional elementor-list-item-link-full_width elementor-widget elementor-widget-icon-list\" data-id=\"4258cb6d\" data-element_type=\"widget\" data-e-type=\"widget\" data-widget_type=\"icon-list.default\">\n\t\t\t\t<div class=\"elementor-widget-container\">\n\t\t\t\t\t\t\t<ul class=\"elementor-icon-list-items\">\n\t\t\t\t\t\t\t<li class=\"elementor-icon-list-item\">\n\t\t\t\t\t\t\t\t\t\t\t<span class=\"elementor-icon-list-icon\">\n\t\t\t\t\t\t\t<svg aria-hidden=\"true\" class=\"e-font-icon-svg e-fas-check\" viewbox=\"0 0 512 512\" xmlns=\"http:\/\/www.w3.org\/2000\/svg\"><path d=\"M173.898 439.404l-166.4-166.4c-9.997-9.997-9.997-26.206 0-36.204l36.203-36.204c9.997-9.998 26.207-9.998 36.204 0L192 312.69 432.095 72.596c9.997-9.997 26.207-9.997 36.204 0l36.203 36.204c9.997 9.997 9.997 26.206 0 36.204l-294.4 294.401c-9.998 9.997-26.207 9.997-36.204-.001z\"><\/path><\/svg>\t\t\t\t\t\t<\/span>\n\t\t\t\t\t\t\t\t\t\t<span class=\"elementor-icon-list-text\">Szybka aprobata<\/span>\n\t\t\t\t\t\t\t\t\t<\/li>\n\t\t\t\t\t\t\t\t<li class=\"elementor-icon-list-item\">\n\t\t\t\t\t\t\t\t\t\t\t<span class=\"elementor-icon-list-icon\">\n\t\t\t\t\t\t\t<svg aria-hidden=\"true\" class=\"e-font-icon-svg e-fas-check\" viewbox=\"0 0 512 512\" xmlns=\"http:\/\/www.w3.org\/2000\/svg\"><path d=\"M173.898 439.404l-166.4-166.4c-9.997-9.997-9.997-26.206 0-36.204l36.203-36.204c9.997-9.998 26.207-9.998 36.204 0L192 312.69 432.095 72.596c9.997-9.997 26.207-9.997 36.204 0l36.203 36.204c9.997 9.997 9.997 26.206 0 36.204l-294.4 294.401c-9.998 9.997-26.207 9.997-36.204-.001z\"><\/path><\/svg>\t\t\t\t\t\t<\/span>\n\t\t\t\t\t\t\t\t\t\t<span class=\"elementor-icon-list-text\">Prosty proces<\/span>\n\t\t\t\t\t\t\t\t\t<\/li>\n\t\t\t\t\t\t\t\t<li class=\"elementor-icon-list-item\">\n\t\t\t\t\t\t\t\t\t\t\t<span class=\"elementor-icon-list-icon\">\n\t\t\t\t\t\t\t<svg aria-hidden=\"true\" class=\"e-font-icon-svg e-fas-check\" viewbox=\"0 0 512 512\" xmlns=\"http:\/\/www.w3.org\/2000\/svg\"><path d=\"M173.898 439.404l-166.4-166.4c-9.997-9.997-9.997-26.206 0-36.204l36.203-36.204c9.997-9.998 26.207-9.998 36.204 0L192 312.69 432.095 72.596c9.997-9.997 26.207-9.997 36.204 0l36.203 36.204c9.997 9.997 9.997 26.206 0 36.204l-294.4 294.401c-9.998 9.997-26.207 9.997-36.204-.001z\"><\/path><\/svg>\t\t\t\t\t\t<\/span>\n\t\t\t\t\t\t\t\t\t\t<span class=\"elementor-icon-list-text\">Indywidualne rozwi\u0105zania<\/span>\n\t\t\t\t\t\t\t\t\t<\/li>\n\t\t\t\t\t\t<\/ul>\n\t\t\t\t\t\t<\/div>\n\t\t\t\t<\/div>\n\t\t\t\t<\/div>\n\t\t<div data-particle_enable=\"false\" data-particle-mobile-disabled=\"false\" class=\"elementor-element elementor-element-fef7819 e-con-full e-flex e-con e-child\" data-id=\"fef7819\" data-element_type=\"container\" data-e-type=\"container\">\n\t\t\t\t<div class=\"elementor-element elementor-element-044d978 elementor-widget elementor-widget-text-editor\" data-id=\"044d978\" data-element_type=\"widget\" data-e-type=\"widget\" data-widget_type=\"text-editor.default\">\n\t\t\t\t<div class=\"elementor-widget-container\">\n\t\t\t\t\t\t\t\t\t<strong>Kredyt Mentor<\/strong> jest po\u015brednikiem kredytowym, kt\u00f3ry zapewnia swoim klientom najlepsze mo\u017cliwo\u015bci kredytowania, chroni ich interesy i jest z nimi od pocz\u0105tku do samego ko\u0144ca transakcji.\n\nFirma jest zarejestrowana przez BNB, zgodnie z Ustaw\u0105 o kredytach hipotecznych.\n\nDo\u015bwiadczony zesp\u00f3\u0142 konsultant\u00f3w pracuje wy\u0142\u0105cznie na rzecz konsument\u00f3w kredyt\u00f3w hipotecznych, firmowych i konsumenckich.\t\t\t\t\t\t\t\t<\/div>\n\t\t\t\t<\/div>\n\t\t\t\t<div class=\"elementor-element elementor-element-791aca7 elementor-widget elementor-widget-text-editor\" data-id=\"791aca7\" data-element_type=\"widget\" data-e-type=\"widget\" data-widget_type=\"text-editor.default\">\n\t\t\t\t<div class=\"elementor-widget-container\">\n\t\t\t\t\t\t\t\t\t<p><strong>Kredyt Mentor<\/strong> wsp\u00f3\u0142pracuje ze wszystkimi wiod\u0105cymi bankami w kraju, aby oferowa\u0107 gwarantowane najkorzystniejsze warunki swoim klientom w kr\u00f3tkim czasie - do 48 godzin!<\/p><p>Zapewnimy Pa\u0144stwu ca\u0142kowicie bezp\u0142atnie wszystko, co niezb\u0119dne, aby podj\u0105\u0107 \u015bwiadom\u0105 i bezpieczn\u0105 decyzj\u0119, kt\u00f3ra b\u0119dzie dla Pa\u0144stwa najlepsza i najbardziej op\u0142acalna.<\/p><p>Polegaj na naszej wiedzy, rzetelno\u015bci i lojalno\u015bci na ka\u017cdym etapie kredytowania nieruchomo\u015bci.<\/p>\t\t\t\t\t\t\t\t<\/div>\n\t\t\t\t<\/div>\n\t\t\t\t<div class=\"elementor-element elementor-element-4885c341 elementor-widget elementor-widget-button\" data-id=\"4885c341\" data-element_type=\"widget\" data-e-type=\"widget\" data-widget_type=\"button.default\">\n\t\t\t\t<div class=\"elementor-widget-container\">\n\t\t\t\t\t\t\t\t\t<div class=\"elementor-button-wrapper\">\n\t\t\t\t\t<a class=\"elementor-button elementor-button-link elementor-size-sm\" href=\"https:\/\/www.creditmentor.bg\/\" target=\"_blank\" rel=\"nofollow\">\n\t\t\t\t\t\t<span class=\"elementor-button-content-wrapper\">\n\t\t\t\t\t\t<span class=\"elementor-button-icon\">\n\t\t\t\t<svg aria-hidden=\"true\" class=\"e-font-icon-svg e-fas-chevron-right\" viewbox=\"0 0 320 512\" xmlns=\"http:\/\/www.w3.org\/2000\/svg\"><path d=\"M285.476 272.971L91.132 467.314c-9.373 9.373-24.569 9.373-33.941 0l-22.667-22.667c-9.357-9.357-9.375-24.522-.04-33.901L188.505 256 34.484 101.255c-9.335-9.379-9.317-24.544.04-33.901l22.667-22.667c9.373-9.373 24.569-9.373 33.941 0L285.475 239.03c9.373 9.372 9.373 24.568.001 33.941z\"><\/path><\/svg>\t\t\t<\/span>\n\t\t\t\t\t\t\t\t\t<span class=\"elementor-button-text\">Wi\u0119cej o Credit Mentor<\/span>\n\t\t\t\t\t<\/span>\n\t\t\t\t\t<\/a>\n\t\t\t\t<\/div>\n\t\t\t\t\t\t\t\t<\/div>\n\t\t\t\t<\/div>\n\t\t\t\t<\/div>\n\t\t\t\t<\/div>\n\t\t\t\t\t<\/div>\n\t\t\t\t<\/div>\n\t\t\t\t<\/div>","protected":false},"excerpt":{"rendered":"<p>Credit Mentor &#8211; \u043a\u0440\u0435\u0434\u0438\u0442\u043d\u0438\u044f\u0442 \u043f\u043e\u0441\u0440\u0435\u0434\u043d\u0438\u043a \u043d\u0430 \u0442\u0432\u043e\u044f \u0441\u0442\u0440\u0430\u043d\u0430. \u0411\u044a\u0440\u0437\u043e \u043e\u0434\u043e\u0431\u0440\u0435\u043d\u0438\u0435 \u041b\u0435\u0441\u0435\u043d \u043f\u0440\u043e\u0446\u0435\u0441 \u0418\u043d\u0434\u0438\u0432\u0438\u0434\u0443\u0430\u043b\u043d\u0438 \u0440\u0435\u0448\u0435\u043d\u0438\u044f Credit Mentor \u0435 \u043a\u0440\u0435\u0434\u0438\u0442\u0435\u043d \u043f\u043e\u0441\u0440\u0435\u0434\u043d\u0438\u043a, \u043a\u043e\u0439\u0442\u043e \u043f\u0440\u0435\u0434\u043e\u0441\u0442\u0430\u0432\u044f \u043d\u0430\u0439-\u0434\u043e\u0431\u0440\u0438\u0442\u0435 \u0432\u044a\u0437\u043c\u043e\u0436\u043d\u043e\u0441\u0442\u0438 \u0437\u0430 \u043a\u0440\u0435\u0434\u0438\u0442\u0438\u0440\u0430\u043d\u0435 \u043d\u0430 \u0441\u0432\u043e\u0438\u0442\u0435 \u043a\u043b\u0438\u0435\u043d\u0442\u0438, \u0437\u0430\u0449\u0438\u0442\u0430\u0432\u0430 \u0438\u043d\u0442\u0435\u0440\u0435\u0441\u0438\u0442\u0435 \u0438\u043c \u0438 \u0435 \u0434\u043e \u0442\u044f\u0445 \u043e\u0442 \u043d\u0430\u0447\u0430\u043b\u043e\u0442\u043e \u0434\u043e \u0441\u0430\u043c\u0438\u044f \u0444\u0438\u043d\u0430\u043b \u043d\u0430 \u0441\u0434\u0435\u043b\u043a\u0430\u0442\u0430. \u041a\u043e\u043c\u043f\u0430\u043d\u0438\u044f\u0442\u0430 \u0435 \u0440\u0435\u0433\u0438\u0441\u0442\u0440\u0438\u0440\u0430\u043d\u0430 \u043e\u0442 \u0411\u041d\u0411, \u0441\u043f\u043e\u0440\u0435\u0434 \u0417\u0430\u043a\u043e\u043d\u0430 \u0437\u0430 \u043a\u0440\u0435\u0434\u0438\u0442\u0438\u0442\u0435 \u043d\u0430 \u043d\u0435\u0434\u0432\u0438\u0436\u0438\u043c\u0438 \u0438\u043c\u043e\u0442\u0438. \u0415\u043a\u0438\u043f\u044a\u0442 [&hellip;]<\/p>\n","protected":false},"author":1240,"featured_media":0,"parent":0,"menu_order":0,"comment_status":"closed","ping_status":"closed","template":"","meta":{"footnotes":""},"class_list":["post-5466","page","type-page","status-publish","hentry"],"_links":{"self":[{"href":"https:\/\/avasolis.com\/pl\/wp-json\/wp\/v2\/pages\/5466","targetHints":{"allow":["GET"]}}],"collection":[{"href":"https:\/\/avasolis.com\/pl\/wp-json\/wp\/v2\/pages"}],"about":[{"href":"https:\/\/avasolis.com\/pl\/wp-json\/wp\/v2\/types\/page"}],"author":[{"embeddable":true,"href":"https:\/\/avasolis.com\/pl\/wp-json\/wp\/v2\/users\/1240"}],"replies":[{"embeddable":true,"href":"https:\/\/avasolis.com\/pl\/wp-json\/wp\/v2\/comments?post=5466"}],"version-history":[{"count":5,"href":"https:\/\/avasolis.com\/pl\/wp-json\/wp\/v2\/pages\/5466\/revisions"}],"predecessor-version":[{"id":16867,"href":"https:\/\/avasolis.com\/pl\/wp-json\/wp\/v2\/pages\/5466\/revisions\/16867"}],"wp:attachment":[{"href":"https:\/\/avasolis.com\/pl\/wp-json\/wp\/v2\/media?parent=5466"}],"curies":[{"name":"wp","href":"https:\/\/api.w.org\/{rel}","templated":true}]}}