{"id":11777,"date":"2025-04-30T09:01:54","date_gmt":"2025-04-30T06:01:54","guid":{"rendered":"https:\/\/avasolis.com\/?page_id=11777"},"modified":"2025-04-30T10:43:53","modified_gmt":"2025-04-30T07:43:53","slug":"yuridicheski-konsultaczii","status":"publish","type":"page","link":"https:\/\/avasolis.com\/pl\/yuridicheski-konsultaczii\/","title":{"rendered":"Konsultacje prawne"},"content":{"rendered":"<div data-elementor-type=\"wp-page\" data-elementor-id=\"11777\" class=\"elementor elementor-11777\" data-elementor-post-type=\"page\">\n\t\t\t\t<div data-particle_enable=\"false\" data-particle-mobile-disabled=\"false\" class=\"elementor-element elementor-element-4141980 e-con-full e-flex elementor-invisible e-con e-parent\" data-id=\"4141980\" data-element_type=\"container\" data-e-type=\"container\" data-settings=\"{&quot;background_background&quot;:&quot;classic&quot;,&quot;animation&quot;:&quot;zoomIn&quot;,&quot;animation_delay&quot;:500}\">\n\t\t\t\t<div class=\"elementor-element elementor-element-f237178 elementor-widget elementor-widget-heading\" data-id=\"f237178\" data-element_type=\"widget\" data-e-type=\"widget\" data-widget_type=\"heading.default\">\n\t\t\t\t<div class=\"elementor-widget-container\">\n\t\t\t\t\t<h2 class=\"elementor-heading-title elementor-size-default\">Konsultacje prawne<\/h2>\t\t\t\t<\/div>\n\t\t\t\t<\/div>\n\t\t\t\t<\/div>\n\t\t<div data-particle_enable=\"false\" data-particle-mobile-disabled=\"false\" class=\"elementor-element elementor-element-ad8eb16 e-flex e-con-boxed e-con e-parent\" data-id=\"ad8eb16\" data-element_type=\"container\" data-e-type=\"container\">\n\t\t\t\t\t<div class=\"e-con-inner\">\n\t\t<div data-particle_enable=\"false\" data-particle-mobile-disabled=\"false\" class=\"elementor-element elementor-element-fa9b641 e-con-full e-flex e-con e-child\" data-id=\"fa9b641\" data-element_type=\"container\" data-e-type=\"container\">\n\t\t\t\t<div class=\"elementor-element elementor-element-3d5e0c6 elementor-widget elementor-widget-image\" data-id=\"3d5e0c6\" data-element_type=\"widget\" data-e-type=\"widget\" data-widget_type=\"image.default\">\n\t\t\t\t<div class=\"elementor-widget-container\">\n\t\t\t\t\t\t\t\t\t\t\t\t\t\t\t<img fetchpriority=\"high\" decoding=\"async\" width=\"1000\" height=\"1000\" src=\"https:\/\/avasolis.com\/wp-content\/uploads\/2025\/03\/gergana-daskalova-1x1-1.jpeg\" class=\"attachment-full size-full wp-image-11160\" alt=\"\" srcset=\"https:\/\/avasolis.com\/wp-content\/uploads\/2025\/03\/gergana-daskalova-1x1-1.jpeg 1000w, https:\/\/avasolis.com\/wp-content\/uploads\/2025\/03\/gergana-daskalova-1x1-1-300x300.jpeg 300w, https:\/\/avasolis.com\/wp-content\/uploads\/2025\/03\/gergana-daskalova-1x1-1-150x150.jpeg 150w, https:\/\/avasolis.com\/wp-content\/uploads\/2025\/03\/gergana-daskalova-1x1-1-768x768.jpeg 768w, https:\/\/avasolis.com\/wp-content\/uploads\/2025\/03\/gergana-daskalova-1x1-1-12x12.jpeg 12w, https:\/\/avasolis.com\/wp-content\/uploads\/2025\/03\/gergana-daskalova-1x1-1-780x780.jpeg 780w, https:\/\/avasolis.com\/wp-content\/uploads\/2025\/03\/gergana-daskalova-1x1-1-600x600.jpeg 600w, https:\/\/avasolis.com\/wp-content\/uploads\/2025\/03\/gergana-daskalova-1x1-1-496x496.jpeg 496w\" sizes=\"(max-width: 1000px) 100vw, 1000px\" \/>\t\t\t\t\t\t\t\t\t\t\t\t\t\t\t<\/div>\n\t\t\t\t<\/div>\n\t\t\t\t<\/div>\n\t\t<div data-particle_enable=\"false\" data-particle-mobile-disabled=\"false\" class=\"elementor-element elementor-element-5b20d64 e-con-full e-flex e-con e-child\" data-id=\"5b20d64\" data-element_type=\"container\" data-e-type=\"container\">\n\t\t\t\t<div class=\"elementor-element elementor-element-2d9ef70 elementor-widget elementor-widget-heading\" data-id=\"2d9ef70\" data-element_type=\"widget\" data-e-type=\"widget\" data-widget_type=\"heading.default\">\n\t\t\t\t<div class=\"elementor-widget-container\">\n\t\t\t\t\t<h2 class=\"elementor-heading-title elementor-size-default\">Adw. Gergana Daskalowa<\/h2>\t\t\t\t<\/div>\n\t\t\t\t<\/div>\n\t\t\t\t<div class=\"elementor-element elementor-element-d60c3bc elementor-widget elementor-widget-heading\" data-id=\"d60c3bc\" data-element_type=\"widget\" data-e-type=\"widget\" data-widget_type=\"heading.default\">\n\t\t\t\t<div class=\"elementor-widget-container\">\n\t\t\t\t\t<h3 class=\"elementor-heading-title elementor-size-default\">doradca prawny AvaSolis<\/h3>\t\t\t\t<\/div>\n\t\t\t\t<\/div>\n\t\t\t\t<div class=\"elementor-element elementor-element-934a672 elementor-widget elementor-widget-text-editor\" data-id=\"934a672\" data-element_type=\"widget\" data-e-type=\"widget\" data-widget_type=\"text-editor.default\">\n\t\t\t\t<div class=\"elementor-widget-container\">\n\t\t\t\t\t\t\t\t\tAdw. Gergana Daskalowa posiada ponad 20 lat do\u015bwiadczenia w zakresie transakcji na nieruchomo\u015bciach. Jej kariera rozpocz\u0119\u0142a si\u0119 od 5 lat pracy w jednej z najbardziej presti\u017cowych kancelarii notarialnych w Sofii, gdzie zdoby\u0142a dog\u0142\u0119bn\u0105 wiedz\u0119 i umiej\u0119tno\u015bci pod kierownictwem wybitnego notariusza. Nast\u0119pnie adw. Daskalowa zajmowa\u0142a stanowiska kierownicze w szeregu projekt\u00f3w inwestycyjnych zagranicznych sp\u00f3\u0142ek inwestycyjnych w Sofii, w tym jako mened\u017cer inwestycyjny w SFIO.\t\t\t\t\t\t\t\t<\/div>\n\t\t\t\t<\/div>\n\t\t\t\t<div class=\"elementor-element elementor-element-bc2d107 elementor-widget elementor-widget-text-editor\" data-id=\"bc2d107\" data-element_type=\"widget\" data-e-type=\"widget\" data-widget_type=\"text-editor.default\">\n\t\t\t\t<div class=\"elementor-widget-container\">\n\t\t\t\t\t\t\t\t\tOd 2013 r. adw. Daskalowa prowadzi udan\u0105 w\u0142asn\u0105 praktyk\u0119 adwokack\u0105, wpisan\u0105 do rejestru adwokat\u00f3w przy Radzie Adwokackiej \u2013 Sofia. Klienci AvaSolis mog\u0105 skorzysta\u0107 z jej wieloletniego do\u015bwiadczenia zawodowego w zakresie transakcji na nieruchomo\u015bciach, prawa rzeczowego i zobowi\u0105za\u0144. Adw. Daskalowa w\u0142ada j\u0119zykiem angielskim, co dodatkowo u\u0142atwia komunikacj\u0119 z mi\u0119dzynarodowymi klientami i partnerami.\t\t\t\t\t\t\t\t<\/div>\n\t\t\t\t<\/div>\n\t\t<div data-particle_enable=\"false\" data-particle-mobile-disabled=\"false\" class=\"elementor-element elementor-element-1604316 e-con-full e-flex e-con e-child\" data-id=\"1604316\" data-element_type=\"container\" data-e-type=\"container\">\n\t\t\t\t<div class=\"elementor-element elementor-element-1423792 elementor-widget elementor-widget-image\" data-id=\"1423792\" data-element_type=\"widget\" data-e-type=\"widget\" data-widget_type=\"image.default\">\n\t\t\t\t<div class=\"elementor-widget-container\">\n\t\t\t\t\t\t\t\t\t\t\t\t\t\t\t<img decoding=\"async\" width=\"320\" height=\"320\" src=\"https:\/\/avasolis.com\/wp-content\/uploads\/2025\/04\/adv-daskalova-qr-Dfl6n7.png\" class=\"attachment-full size-full wp-image-11780\" alt=\"\" srcset=\"https:\/\/avasolis.com\/wp-content\/uploads\/2025\/04\/adv-daskalova-qr-Dfl6n7.png 320w, https:\/\/avasolis.com\/wp-content\/uploads\/2025\/04\/adv-daskalova-qr-Dfl6n7-300x300.png 300w, https:\/\/avasolis.com\/wp-content\/uploads\/2025\/04\/adv-daskalova-qr-Dfl6n7-150x150.png 150w, https:\/\/avasolis.com\/wp-content\/uploads\/2025\/04\/adv-daskalova-qr-Dfl6n7-12x12.png 12w\" sizes=\"(max-width: 320px) 100vw, 320px\" \/>\t\t\t\t\t\t\t\t\t\t\t\t\t\t\t<\/div>\n\t\t\t\t<\/div>\n\t\t<div data-particle_enable=\"false\" data-particle-mobile-disabled=\"false\" class=\"elementor-element elementor-element-3583ffa e-con-full e-flex e-con e-child\" data-id=\"3583ffa\" data-element_type=\"container\" data-e-type=\"container\">\n\t\t\t\t<div class=\"elementor-element elementor-element-aa6d31f elementor-widget elementor-widget-heading\" data-id=\"aa6d31f\" data-element_type=\"widget\" data-e-type=\"widget\" data-widget_type=\"heading.default\">\n\t\t\t\t<div class=\"elementor-widget-container\">\n\t\t\t\t\t<h2 class=\"elementor-heading-title elementor-size-default\">Zeskanuj moj\u0105 wizyt\u00f3wk\u0119 QR<\/h2>\t\t\t\t<\/div>\n\t\t\t\t<\/div>\n\t\t\t\t<div class=\"elementor-element elementor-element-55027c0 elementor-icon-list--layout-inline elementor-mobile-align-center elementor-list-item-link-full_width elementor-widget elementor-widget-icon-list\" data-id=\"55027c0\" data-element_type=\"widget\" data-e-type=\"widget\" data-widget_type=\"icon-list.default\">\n\t\t\t\t<div class=\"elementor-widget-container\">\n\t\t\t\t\t\t\t<ul class=\"elementor-icon-list-items elementor-inline-items\">\n\t\t\t\t\t\t\t<li class=\"elementor-icon-list-item elementor-inline-item\">\n\t\t\t\t\t\t\t\t\t\t\t<a href=\"tel:+359888920773\" target=\"_blank\">\n\n\t\t\t\t\t\t\t\t\t\t\t\t<span class=\"elementor-icon-list-icon\">\n\t\t\t\t\t\t\t<svg aria-hidden=\"true\" class=\"e-font-icon-svg e-fas-phone-alt\" viewbox=\"0 0 512 512\" xmlns=\"http:\/\/www.w3.org\/2000\/svg\"><path d=\"M497.39 361.8l-112-48a24 24 0 0 0-28 6.9l-49.6 60.6A370.66 370.66 0 0 1 130.6 204.11l60.6-49.6a23.94 23.94 0 0 0 6.9-28l-48-112A24.16 24.16 0 0 0 122.6.61l-104 24A24 24 0 0 0 0 48c0 256.5 207.9 464 464 464a24 24 0 0 0 23.4-18.6l24-104a24.29 24.29 0 0 0-14.01-27.6z\"><\/path><\/svg>\t\t\t\t\t\t<\/span>\n\t\t\t\t\t\t\t\t\t\t<span class=\"elementor-icon-list-text\">+359 88 8920773<\/span>\n\t\t\t\t\t\t\t\t\t\t\t<\/a>\n\t\t\t\t\t\t\t\t\t<\/li>\n\t\t\t\t\t\t\t\t<li class=\"elementor-icon-list-item elementor-inline-item\">\n\t\t\t\t\t\t\t\t\t\t\t<a href=\"mailto:legal@avasolis.com\">\n\n\t\t\t\t\t\t\t\t\t\t\t\t<span class=\"elementor-icon-list-icon\">\n\t\t\t\t\t\t\t<svg aria-hidden=\"true\" class=\"e-font-icon-svg e-fas-envelope\" viewbox=\"0 0 512 512\" xmlns=\"http:\/\/www.w3.org\/2000\/svg\"><path d=\"M502.3 190.8c3.9-3.1 9.7-.2 9.7 4.7V400c0 26.5-21.5 48-48 48H48c-26.5 0-48-21.5-48-48V195.6c0-5 5.7-7.8 9.7-4.7 22.4 17.4 52.1 39.5 154.1 113.6 21.1 15.4 56.7 47.8 92.2 47.6 35.7.3 72-32.8 92.3-47.6 102-74.1 131.6-96.3 154-113.7zM256 320c23.2.4 56.6-29.2 73.4-41.4 132.7-96.3 142.8-104.7 173.4-128.7 5.8-4.5 9.2-11.5 9.2-18.9v-19c0-26.5-21.5-48-48-48H48C21.5 64 0 85.5 0 112v19c0 7.4 3.4 14.3 9.2 18.9 30.6 23.9 40.7 32.4 173.4 128.7 16.8 12.2 50.2 41.8 73.4 41.4z\"><\/path><\/svg>\t\t\t\t\t\t<\/span>\n\t\t\t\t\t\t\t\t\t\t<span class=\"elementor-icon-list-text\">legal@avasolis.com<\/span>\n\t\t\t\t\t\t\t\t\t\t\t<\/a>\n\t\t\t\t\t\t\t\t\t<\/li>\n\t\t\t\t\t\t<\/ul>\n\t\t\t\t\t\t<\/div>\n\t\t\t\t<\/div>\n\t\t\t\t<\/div>\n\t\t\t\t<\/div>\n\t\t\t\t<\/div>\n\t\t\t\t\t<\/div>\n\t\t\t\t<\/div>\n\t\t\t\t<\/div>","protected":false},"excerpt":{"rendered":"<p>\u0410\u0434\u0432. \u0413\u0435\u0440\u0433\u0430\u043d\u0430 \u0414\u0430\u0441\u043a\u0430\u043b\u043e\u0432\u0430 \u044e\u0440\u0438\u0434\u0438\u0447\u0435\u0441\u043a\u0438 \u043a\u043e\u043d\u0441\u0443\u043b\u0442\u0430\u043d\u0442 \u043d\u0430 AvaSolis \u0410\u0434\u0432. \u0413\u0435\u0440\u0433\u0430\u043d\u0430 \u0414\u0430\u0441\u043a\u0430\u043b\u043e\u0432\u0430 \u043f\u0440\u0438\u0442\u0435\u0436\u0430\u0432\u0430 \u043d\u0430\u0434 20 \u0433\u043e\u0434\u0438\u043d\u0438 \u043e\u043f\u0438\u0442 \u0432 \u0441\u0444\u0435\u0440\u0430\u0442\u0430 \u043d\u0430 \u0441\u0434\u0435\u043b\u043a\u0438\u0442\u0435 \u0441 \u043d\u0435\u0434\u0432\u0438\u0436\u0438\u043c\u0438 \u0438\u043c\u043e\u0442\u0438. \u041a\u0430\u0440\u0438\u0435\u0440\u0430\u0442\u0430 \u045d \u0437\u0430\u043f\u043e\u0447\u0432\u0430 \u0441 5 \u0433\u043e\u0434\u0438\u043d\u0438 \u0440\u0430\u0431\u043e\u0442\u0430 \u0432 \u0435\u0434\u043d\u0430 \u043e\u0442 \u043d\u0430\u0439-\u043f\u0440\u0435\u0441\u0442\u0438\u0436\u043d\u0438\u0442\u0435 \u043d\u043e\u0442\u0430\u0440\u0438\u0430\u043b\u043d\u0438 \u043a\u0430\u043d\u0442\u043e\u0440\u0438 \u0432 \u0421\u043e\u0444\u0438\u044f, \u043a\u044a\u0434\u0435\u0442\u043e \u043f\u0440\u0438\u0434\u043e\u0431\u0438\u0432\u0430 \u0437\u0430\u0434\u044a\u043b\u0431\u043e\u0447\u0435\u043d\u0438 \u043f\u043e\u0437\u043d\u0430\u043d\u0438\u044f \u0438 \u0443\u043c\u0435\u043d\u0438\u044f \u043f\u043e\u0434 \u0440\u044a\u043a\u043e\u0432\u043e\u0434\u0441\u0442\u0432\u043e\u0442\u043e \u043d\u0430 \u0438\u0437\u0442\u044a\u043a\u043d\u0430\u0442 \u043d\u043e\u0442\u0430\u0440\u0438\u0443\u0441. \u0412\u043f\u043e\u0441\u043b\u0435\u0434\u0441\u0442\u0432\u0438\u0435 \u0430\u0434\u0432. \u0414\u0430\u0441\u043a\u0430\u043b\u043e\u0432\u0430 \u0437\u0430\u0435\u043c\u0430 \u0440\u044a\u043a\u043e\u0432\u043e\u0434\u043d\u0438 \u043f\u043e\u0437\u0438\u0446\u0438\u0438 \u0432 [&hellip;]<\/p>\n","protected":false},"author":1240,"featured_media":0,"parent":0,"menu_order":0,"comment_status":"closed","ping_status":"closed","template":"template\/template-homepage.php","meta":{"footnotes":""},"class_list":["post-11777","page","type-page","status-publish","hentry"],"_links":{"self":[{"href":"https:\/\/avasolis.com\/pl\/wp-json\/wp\/v2\/pages\/11777","targetHints":{"allow":["GET"]}}],"collection":[{"href":"https:\/\/avasolis.com\/pl\/wp-json\/wp\/v2\/pages"}],"about":[{"href":"https:\/\/avasolis.com\/pl\/wp-json\/wp\/v2\/types\/page"}],"author":[{"embeddable":true,"href":"https:\/\/avasolis.com\/pl\/wp-json\/wp\/v2\/users\/1240"}],"replies":[{"embeddable":true,"href":"https:\/\/avasolis.com\/pl\/wp-json\/wp\/v2\/comments?post=11777"}],"version-history":[{"count":5,"href":"https:\/\/avasolis.com\/pl\/wp-json\/wp\/v2\/pages\/11777\/revisions"}],"predecessor-version":[{"id":11882,"href":"https:\/\/avasolis.com\/pl\/wp-json\/wp\/v2\/pages\/11777\/revisions\/11882"}],"wp:attachment":[{"href":"https:\/\/avasolis.com\/pl\/wp-json\/wp\/v2\/media?parent=11777"}],"curies":[{"name":"wp","href":"https:\/\/api.w.org\/{rel}","templated":true}]}}