{"id":3,"date":"2022-12-02T09:12:34","date_gmt":"2022-12-02T09:12:34","guid":{"rendered":"https:\/\/avasolis.com\/?page_id=3"},"modified":"2025-03-01T16:48:35","modified_gmt":"2025-03-01T14:48:35","slug":"politika-za-poveritelnost","status":"publish","type":"page","link":"https:\/\/avasolis.com\/fr\/politika-za-poveritelnost\/","title":{"rendered":"Politique de confidentialit\u00e9"},"content":{"rendered":"<p><strong>\"Avasolis\" EOOD<\/strong> offre \u00e0 ses clients non seulement une m\u00e9diation pour l'achat, la vente, la location ou la location d'un bien immobilier, mais aussi la s\u00e9curit\u00e9 dans ce processus, un service de qualit\u00e9 et un niveau \u00e9lev\u00e9. La soci\u00e9t\u00e9 respecte le droit \u00e0 la vie priv\u00e9e de chaque client et \u0153uvre \u00e0 la protection des donn\u00e9es collect\u00e9es et trait\u00e9es dans le cadre des services fournis.<\/p>\n\n\n\n<p>Pour atteindre ces objectifs, il est n\u00e9cessaire de traiter des donn\u00e9es personnelles, en qualit\u00e9 de responsable du traitement <strong>\"Avasolis\" EOOD<\/strong> collecte, conserve, traite et partage conform\u00e9ment aux exigences de <strong>R\u00e8glement (UE) 2016\/679<\/strong> du Parlement europ\u00e9en et du Conseil du 27 avril 2016 relatif \u00e0 la protection des personnes physiques \u00e0 l'\u00e9gard du traitement des donn\u00e9es \u00e0 caract\u00e8re personnel et \u00e0 la libre circulation de ces donn\u00e9es (r\u00e8glement g\u00e9n\u00e9ral sur la protection des donn\u00e9es, dit \u00ab RGPD \u00bb) et des actes l\u00e9gislatifs et r\u00e9glementaires connexes en R\u00e9publique de Bulgarie.<\/p>\n\n\n\n<h4 class=\"wp-block-heading\">Informations concernant le responsable du traitement des donn\u00e9es personnelles<\/h4>\n\n\n\n<ul class=\"wp-block-list\">\n<li><strong>D\u00e9nomination<\/strong>\u201cAvasolis\u201d EOOD<\/li>\n\n\n\n<li><strong>Activit\u00e9s<\/strong>interm\u00e9diation dans l'achat et la vente de biens immobiliers, commerce de biens immobiliers, activit\u00e9 de promotion immobili\u00e8re, services touristiques, h\u00f4tellerie, transport, programmation, publicit\u00e9 et conseil, importation et exportation de marchandises et autres<\/li>\n\n\n\n<li><strong>Repr\u00e9sentant<\/strong>Desislava Nikolaeva Tsvetkova<\/li>\n\n\n\n<li><strong>Contacts<\/strong>:\n<ul class=\"wp-block-list\">\n<li><strong>E-mail<\/strong>: <a href=\"mailto:ava@avasolis.com\">ava@avasolis.com<\/a><\/li>\n\n\n\n<li><strong>T\u00e9l\u00e9phone<\/strong>: 0888270676<\/li>\n\n\n\n<li><strong>Num\u00e9ro d'identification unique<\/strong>: 205696581<\/li>\n\n\n\n<li><strong>Adresse<\/strong>: Sofia, 42 rue Hristo Belchev<\/li>\n<\/ul>\n<\/li>\n<\/ul>\n\n\n\n<p>\"Avasolis\" EOOD est responsable du traitement des donn\u00e9es personnelles conform\u00e9ment aux dispositions de <strong>Le r\u00e8glement<\/strong>, <strong>La loi sur la protection des donn\u00e9es personnelles<\/strong> et les actes r\u00e9glementaires connexes, s'engage \u00e0 assurer la s\u00e9curit\u00e9 des donn\u00e9es personnelles qu'elle traite.<\/p>\n\n\n\n<h4 class=\"wp-block-heading\">D\u00e9finitions et d\u00e9finitions utilis\u00e9es<\/h4>\n\n\n\n<ul class=\"wp-block-list\">\n<li><strong>Donn\u00e9es personnelles<\/strong> \u2013 toute information concernant une personne physique identifi\u00e9e ou identifiable, directement ou indirectement, notamment par r\u00e9f\u00e9rence \u00e0 un nom, un num\u00e9ro d'identification, des donn\u00e9es de localisation, un identifiant en ligne, etc. (article 4, paragraphe 1, du r\u00e8glement (UE) 2016\/679).<\/li>\n\n\n\n<li><strong>Traitement des donn\u00e9es personnelles<\/strong> \u2013 toute op\u00e9ration ou ensemble d'op\u00e9rations effectu\u00e9es sur des donn\u00e9es \u00e0 caract\u00e8re personnel, telles que la collecte, l'enregistrement, la conservation, la structuration, la consultation, la transmission, la suppression, etc. (art. 4, point 2 du r\u00e8glement (UE) 2016\/679).<\/li>\n<\/ul>\n\n\n\n<h4 class=\"wp-block-heading\">Types d'informations collect\u00e9es<\/h4>\n\n\n\n<p>\u201cAvasolis\u201d E\u041e\u041eD collecte des informations concernant:<\/p>\n\n\n\n<ul class=\"wp-block-list\">\n<li>M\u00e9diation pour l'achat, la vente, la location ou la location de biens immobiliers ;<\/li>\n\n\n\n<li>Relations de travail, civiles et contractuelles, selon lesquelles <strong>\"Avasolis\" EOOD<\/strong> est un pays;<\/li>\n\n\n\n<li>Site web, profils de r\u00e9seaux sociaux et applications, par lesquels <strong>\"Avasolis\" EOOD<\/strong> fournit des services.<\/li>\n<\/ul>\n\n\n\n<h4 class=\"wp-block-heading\">Types de donn\u00e9es personnelles trait\u00e9es<\/h4>\n\n\n\n<ul class=\"wp-block-list\">\n<li><strong>Coordonn\u00e9es<\/strong> \u2013 noms, courriel, t\u00e9l\u00e9phone, adresse;<\/li>\n\n\n\n<li><strong>Donn\u00e9es de conclusion de contrat<\/strong> \u2013 nom complet, num\u00e9ro d'identification personnel, pi\u00e8ce d'identit\u00e9, adresse;<\/li>\n\n\n\n<li><strong>Donn\u00e9es de m\u00e9dias sociaux<\/strong> \u2013 nom d'utilisateur, courriel, photo de profil;<\/li>\n\n\n\n<li><strong>Donn\u00e9es d'activit\u00e9<\/strong> \u2013 Adresse IP, type de navigateur, services utilis\u00e9s et interactions.<\/li>\n<\/ul>\n\n\n\n<h4 class=\"wp-block-heading\">Traitement des donn\u00e9es personnelles<\/h4>\n\n\n\n<p>Le traitement des donn\u00e9es personnelles est effectu\u00e9 par:<\/p>\n\n\n\n<ul class=\"wp-block-list\">\n<li>Remplissage de formulaires, demandes, contrats, etc.<\/li>\n\n\n\n<li>Traitement des informations relatives aux adresses IP et aux \u00ab cookies \u00bb;<\/li>\n\n\n\n<li>Mise \u00e0 jour des donn\u00e9es \u00e0 la demande de la personne concern\u00e9e ou en vertu d'une obligation l\u00e9gale ;<\/li>\n\n\n\n<li>Partage de donn\u00e9es avec les autorit\u00e9s publiques en cas d'obligations l\u00e9gales.<\/li>\n<\/ul>\n\n\n\n<h4 class=\"wp-block-heading\">Droits des personnes physiques<\/h4>\n\n\n\n<p>Les personnes physiques ont le droit de :<\/p>\n\n\n\n<ul class=\"wp-block-list\">\n<li><strong>Acc\u00e8s<\/strong> \u00e0 vos donn\u00e9es personnelles et un extrait de celles-ci ;<\/li>\n\n\n\n<li><strong>Correction<\/strong> des donn\u00e9es personnelles si elles sont inexactes ou incompl\u00e8tes ;<\/li>\n\n\n\n<li><strong>Suppression<\/strong> sur les donn\u00e9es (\u00ab droit \u00e0 l'oubli \u00bb);<\/li>\n\n\n\n<li><strong>Restriction<\/strong> au traitement des donn\u00e9es;<\/li>\n\n\n\n<li><strong>Objection<\/strong> contre le traitement des donn\u00e9es;<\/li>\n\n\n\n<li><strong>Portabilit\u00e9<\/strong> sur les donn\u00e9es en cas de changement de fournisseur de services;<\/li>\n\n\n\n<li><strong>Plainte<\/strong> jusqu'\u00e0 <strong>La Commission de protection des donn\u00e9es personnelles<\/strong> en Bulgarie.<\/li>\n<\/ul>\n\n\n\n<h4 class=\"wp-block-heading\">Politique en mati\u00e8re de cookies<\/h4>\n\n\n\n<p>Sur le site web de <strong>\"Avasolis\" EOOD<\/strong> des \u00ab cookies \u00bb sont utilis\u00e9s pour am\u00e9liorer l'exp\u00e9rience utilisateur. Les cookies peuvent \u00eatre :<\/p>\n\n\n\n<ul class=\"wp-block-list\">\n<li><strong>Cookies de session<\/strong> \u2013 temporaires, ils disparaissent apr\u00e8s la fermeture du navigateur;<\/li>\n\n\n\n<li><strong>Cookies persistants<\/strong> \u2013 sont conserv\u00e9s pendant une certaine p\u00e9riode ;<\/li>\n\n\n\n<li><strong>Cookies tiers<\/strong> \u2013 par exemple pour les analyses, la publicit\u00e9 et les r\u00e9seaux sociaux.<\/li>\n<\/ul>\n\n\n\n<h4 class=\"wp-block-heading\">Services utilis\u00e9s<\/h4>\n\n\n\n<ul class=\"wp-block-list\">\n<li><strong>Google Analytics<\/strong> \u2013 pour l'analyse du trafic (<a href=\"https:\/\/support.google.com\/analytics\/answer\/181881\" target=\"_blank\" rel=\"noreferrer noopener nofollow\">refus de suivi<\/a>)<\/li>\n\n\n\n<li><strong>YouTube<\/strong> \u2013 pour le r\u00e9glage de la qualit\u00e9 des vid\u00e9os<\/li>\n\n\n\n<li><strong>Pixel Facebook<\/strong> \u2013 \u00e0 des fins publicitaires<\/li>\n\n\n\n<li><strong>Yandex Metrica<\/strong> \u2013 pour une analyse plus approfondie<\/li>\n<\/ul>\n\n\n\n<p>Les utilisateurs peuvent g\u00e9rer les cookies via les param\u00e8tres de leur navigateur.<\/p>\n\n\n\n<h4 class=\"wp-block-heading\">Changements de politique<\/h4>\n\n\n\n<p>\u201cAvassolis\u201d EOOD se r\u00e9serve le droit de modifier la pr\u00e9sente politique de confidentialit\u00e9. Toutes les modifications seront publi\u00e9es sur cette page.<\/p>","protected":false},"excerpt":{"rendered":"<p>\u201c\u0410\u0432\u0430\u0441\u043e\u043b\u0438\u0441\u201d \u0415\u041e\u041e\u0414 \u043f\u0440\u0435\u0434\u043e\u0441\u0442\u0430\u0432\u044f \u043d\u0430 \u0441\u0432\u043e\u0438\u0442\u0435 \u043a\u043b\u0438\u0435\u043d\u0442\u0438 \u043d\u0435 \u0441\u0430\u043c\u043e \u043f\u043e\u0441\u0440\u0435\u0434\u043d\u0438\u0447\u0435\u0441\u0442\u0432\u043e \u043f\u0440\u0438 \u0437\u0430\u043a\u0443\u043f\u0443\u0432\u0430\u043d\u0435, \u043f\u0440\u043e\u0434\u0430\u0436\u0431\u0430, \u043e\u0442\u0434\u0430\u0432\u0430\u043d\u0435 \u0438\u043b\u0438 \u043d\u0430\u0435\u043c\u0430\u043d\u0435 \u043d\u0430 \u0438\u043c\u043e\u0442, \u043d\u043e \u0438 \u0441\u0438\u0433\u0443\u0440\u043d\u043e\u0441\u0442 \u0432 \u0442\u043e\u0437\u0438 \u043f\u0440\u043e\u0446\u0435\u0441, \u043a\u0430\u0447\u0435\u0441\u0442\u0432\u0435\u043d\u043e \u043e\u0431\u0441\u043b\u0443\u0436\u0432\u0430\u043d\u0435 \u0438 \u0432\u0438\u0441\u043e\u043a \u0441\u0442\u0430\u043d\u0434\u0430\u0440\u0442. \u0414\u0440\u0443\u0436\u0435\u0441\u0442\u0432\u043e\u0442\u043e \u0443\u0432\u0430\u0436\u0430\u0432\u0430 \u043f\u0440\u0430\u0432\u043e\u0442\u043e \u043d\u0430 \u043d\u0435\u043f\u0440\u0438\u043a\u043e\u0441\u043d\u043e\u0432\u0435\u043d\u043e\u0441\u0442 \u043d\u0430 \u043b\u0438\u0447\u043d\u0438\u044f \u0436\u0438\u0432\u043e\u0442 \u043d\u0430 \u0432\u0441\u0435\u043a\u0438 \u043a\u043b\u0438\u0435\u043d\u0442 \u0438 \u0440\u0430\u0431\u043e\u0442\u0438 \u0432 \u043f\u043e\u0441\u043e\u043a\u0430 \u0437\u0430\u0449\u0438\u0442\u0430 \u043d\u0430 \u0434\u0430\u043d\u043d\u0438\u0442\u0435, \u043a\u043e\u0438\u0442\u043e \u0441\u0435 \u0441\u044a\u0431\u0438\u0440\u0430\u0442 \u0438 \u043e\u0431\u0440\u0430\u0431\u043e\u0442\u0432\u0430\u0442 \u0432\u044a\u0432 \u0432\u0440\u044a\u0437\u043a\u0430 \u0441 \u043f\u0440\u0435\u0434\u043e\u0441\u0442\u0430\u0432\u044f\u043d\u0438\u0442\u0435 [&hellip;]<\/p>\n","protected":false},"author":1240,"featured_media":0,"parent":0,"menu_order":0,"comment_status":"closed","ping_status":"closed","template":"template\/template-page.php","meta":{"footnotes":""},"class_list":["post-3","page","type-page","status-publish","hentry"],"_links":{"self":[{"href":"https:\/\/avasolis.com\/fr\/wp-json\/wp\/v2\/pages\/3","targetHints":{"allow":["GET"]}}],"collection":[{"href":"https:\/\/avasolis.com\/fr\/wp-json\/wp\/v2\/pages"}],"about":[{"href":"https:\/\/avasolis.com\/fr\/wp-json\/wp\/v2\/types\/page"}],"author":[{"embeddable":true,"href":"https:\/\/avasolis.com\/fr\/wp-json\/wp\/v2\/users\/1240"}],"replies":[{"embeddable":true,"href":"https:\/\/avasolis.com\/fr\/wp-json\/wp\/v2\/comments?post=3"}],"version-history":[{"count":5,"href":"https:\/\/avasolis.com\/fr\/wp-json\/wp\/v2\/pages\/3\/revisions"}],"predecessor-version":[{"id":10932,"href":"https:\/\/avasolis.com\/fr\/wp-json\/wp\/v2\/pages\/3\/revisions\/10932"}],"wp:attachment":[{"href":"https:\/\/avasolis.com\/fr\/wp-json\/wp\/v2\/media?parent=3"}],"curies":[{"name":"wp","href":"https:\/\/api.w.org\/{rel}","templated":true}]}}