{"id":10933,"date":"2025-03-01T16:59:03","date_gmt":"2025-03-01T14:59:03","guid":{"rendered":"https:\/\/avasolis.com\/?page_id=10933"},"modified":"2025-03-01T17:00:46","modified_gmt":"2025-03-01T15:00:46","slug":"zmip","status":"publish","type":"page","link":"https:\/\/avasolis.com\/fr\/zmip\/","title":{"rendered":"ZMI\u041f"},"content":{"rendered":"<p>Nous vous informons respectueusement qu'en notre qualit\u00e9 d'interm\u00e9diaire dans la r\u00e9alisation de transactions immobili\u00e8res, <strong>AVASOLIS<\/strong> est redevable en vertu de <strong>art. 4, al. 18 de la loi sur les mesures contre le blanchiment d'argent (ZMIIP)<\/strong> et <strong>art. 9, al. 2 de la loi sur les mesures contre le financement du terrorisme (LMCFT)<\/strong>.<\/p>\n\n\n\n<p>Conform\u00e9ment aux lois cit\u00e9es, avant la conclusion de <strong>Contrat de courtage pour l'achat-vente de biens immobiliers, Accord de d\u00e9p\u00f4t de garantie<\/strong> et autres documents, ainsi que lors de <strong>transactions de location de biens immobiliers<\/strong>, o\u00f9 le loyer mensuel s'\u00e9l\u00e8ve \u00e0 ou d\u00e9passe <strong>10 000 euros<\/strong> ou leur \u00e9quivalent dans une autre devise, <strong>Nous sommes tenus d'effectuer une v\u00e9rification compl\u00e8te, incluant l'identification des clients<\/strong>\u00c0 cette fin, nous exigerons les documents suivants :<\/p>\n\n\n\n<h4 class=\"wp-block-heading\">Documents requis<\/h4>\n\n\n\n<h5 class=\"wp-block-heading\">Pour les particuliers<\/h5>\n\n\n\n<ul class=\"wp-block-list\">\n<li><strong>Copie d'une pi\u00e8ce d'identit\u00e9<\/strong>:\n<ul class=\"wp-block-list\">\n<li>Carte d'identit\u00e9 (pour les citoyens bulgares)<\/li>\n\n\n\n<li>Passeport (pour les citoyens \u00e9trangers)<\/li>\n\n\n\n<li>Document attestant le s\u00e9jour des ressortissants \u00e9trangers en Bulgarie<\/li>\n<\/ul>\n<\/li>\n<\/ul>\n\n\n\n<h5 class=\"wp-block-heading\">Pour les personnes morales<\/h5>\n\n\n\n<ul class=\"wp-block-list\">\n<li><strong>Copie d'une pi\u00e8ce d'identit\u00e9<\/strong> au(x) repr\u00e9sentant(s) l\u00e9gal(aux) et au(x) b\u00e9n\u00e9ficiaire(s) effectif(s).<\/li>\n\n\n\n<li><strong>Copie d'une procuration<\/strong>, si une personne autre que le repr\u00e9sentant l\u00e9gal vous repr\u00e9sente, ainsi qu'une copie de la pi\u00e8ce d'identit\u00e9 du mandataire.<\/li>\n\n\n\n<li><strong>D\u00e9claration en vertu de l'art. 42, al. 2, point 2 de la loi sur les mesures contre le blanchiment d'argent<\/strong> \u2013 pour une personnalit\u00e9 politique de premier plan, qui atteste si le client entre dans les cat\u00e9gories selon <strong>art. 36, al. 2<\/strong> et <strong>art. 36, al. 5<\/strong> sur la LMI<\/li>\n\n\n\n<li><strong>D\u00e9claration en vertu de l'art. 59, al. 1, point 3 de la loi sur les mesures contre le blanchiment d'argent<\/strong> \u2013 pour le v\u00e9ritable propri\u00e9taire du capital d'une personne morale (si aucune d\u00e9claration n'a \u00e9t\u00e9 d\u00e9pos\u00e9e en vertu de <strong>art. 63, al. 4<\/strong> au registre du commerce ou les b\u00e9n\u00e9ficiaires effectifs ne sont pas enregistr\u00e9s en tant qu'associ\u00e9s).<\/li>\n\n\n\n<li><strong>D\u00e9claration en vertu de l'art. 66, al. 2 de la loi sur les mesures contre le blanchiment d'argent<\/strong> \u2013 sur l'origine des fonds lors de l'achat d'un bien immobilier ou de la location d'un bien immobilier avec la valeur du loyer mensuel <strong>\u00e0 ou au-dessus de 10 000 euros<\/strong>.<\/li>\n\n\n\n<li><strong>Questionnaire d'information<\/strong> \u2013 \u00e0 remplir par les clients (personnes physiques ou morales).<\/li>\n<\/ul>\n\n\n\n<h4 class=\"wp-block-heading\">Stockage et traitement des documents<\/h4>\n\n\n\n<p>Les documents que vous avez fournis, ainsi que leurs copies, seront d\u00fbment conserv\u00e9s et utilis\u00e9s <strong>seulement<\/strong> lors des contr\u00f4les effectu\u00e9s par les autorit\u00e9s publiques comp\u00e9tentes, y compris <strong>Direction \"Renseignement financier\" de l'Agence d'\u00c9tat \"S\u00e9curit\u00e9 nationale\"<\/strong>.<\/p>\n\n\n\n<p>Le traitement des donn\u00e9es personnelles \u00e0 des fins de pr\u00e9vention de <strong>blanchiment d'argent<\/strong> et <strong>le financement du terrorisme<\/strong> est consid\u00e9r\u00e9 comme une question de <strong>int\u00e9r\u00eat public<\/strong> conform\u00e9ment \u00e0 <strong>R\u00e8glement (UE) 2016\/679<\/strong> et <strong>ne peut pas \u00eatre limit\u00e9<\/strong> des exigences de <strong>art. 12 \u2013 22<\/strong> et <strong>art. 34<\/strong> du m\u00eame r\u00e8glement (art. 83, al. 2 de la loi sur les mesures contre le blanchiment d'argent).<\/p>\n\n\n\n<h4 class=\"wp-block-heading\">Politique de protection des donn\u00e9es personnelles<\/h4>\n\n\n\n<p>Pour votre commodit\u00e9, <strong>dans notre section \"Politique de protection des donn\u00e9es personnelles\"<\/strong> Vous trouverez des informations d\u00e9taill\u00e9es concernant :<\/p>\n\n\n\n<ul class=\"wp-block-list\">\n<li>Les cat\u00e9gories de donn\u00e9es personnelles que nous traitons ;<\/li>\n\n\n\n<li>Les fondements juridiques du traitement des donn\u00e9es personnelles ;<\/li>\n\n\n\n<li>Cat\u00e9gories de destinataires;<\/li>\n\n\n\n<li>Les d\u00e9lais de conservation pour chaque finalit\u00e9 de traitement.<\/li>\n<\/ul>\n\n\n\n<h4 class=\"wp-block-heading\">Identification l\u00e9gale des clients<\/h4>\n\n\n\n<p>Conform\u00e9ment \u00e0 <strong>art. 4 de la LBC<\/strong>, toutes les personnes assujetties (institutions financi\u00e8res, agences immobili\u00e8res, notaires et autres) <strong>sont tenus d'identifier leurs clients<\/strong> par la pr\u00e9sentation d'une pi\u00e8ce d'identit\u00e9 officielle et la prise d'une copie de celle-ci (<strong>art. 53, al. 1 de la LBC<\/strong>).<\/p>\n\n\n\n<p><strong>Pour les particuliers<\/strong>l'identification comprend <strong>clients<\/strong>, <strong>repr\u00e9sentants l\u00e9gaux<\/strong> et <strong>b\u00e9n\u00e9ficiaires effectifs<\/strong>.<\/p>\n\n\n\n<p><strong>Pour les personnes morales<\/strong>: outre les copies de pi\u00e8ces d'identit\u00e9, sont \u00e9galement exig\u00e9s <strong>documents accessibles au public<\/strong> comme:<\/p>\n\n\n\n<ul class=\"wp-block-list\">\n<li><strong>Rapport actuel sur le statut de l'entreprise<\/strong><\/li>\n\n\n\n<li><strong>Statuts en vigueur ou pacte social<\/strong><\/li>\n\n\n\n<li><strong>R\u00e9f\u00e9rence aux b\u00e9n\u00e9ficiaires effectifs du capital et aux repr\u00e9sentants de la soci\u00e9t\u00e9<\/strong><\/li>\n<\/ul>\n\n\n\n<h4 class=\"wp-block-heading\">Conclusion de contrats \u00e0 distance<\/h4>\n\n\n\n<p>Lors de la conclusion de <strong>Contrat de courtage pour l'achat-vente<\/strong> ou <strong>Accord de d\u00e9p\u00f4t de garantie<\/strong> par <strong>d\u00e9claration \u00e9lectronique, signature \u00e9lectronique ou autre forme<\/strong> sans la pr\u00e9sence du client, cela peut \u00eatre exig\u00e9 <strong>documents suppl\u00e9mentaires<\/strong>, afin de garantir le respect des dispositions l\u00e9gales.<\/p>\n\n\n\n<h4 class=\"wp-block-heading\">Contact<\/h4>\n\n\n\n<p>En cas de questions <strong>N'h\u00e9sitez pas \u00e0 nous contacter !<\/strong><\/p>","protected":false},"excerpt":{"rendered":"<p>\u041b\u044e\u0431\u0435\u0437\u043d\u043e \u0438\u0441\u043a\u0430\u043c\u0435 \u0434\u0430 \u0412\u0438 \u0443\u0432\u0435\u0434\u043e\u043c\u0438\u043c, \u0447\u0435 \u0432 \u043a\u0430\u0447\u0435\u0441\u0442\u0432\u043e\u0442\u043e \u0441\u0438 \u043d\u0430 \u043f\u043e\u0441\u0440\u0435\u0434\u043d\u0438\u043a \u043f\u0440\u0438 \u043e\u0441\u044a\u0449\u0435\u0441\u0442\u0432\u044f\u0432\u0430\u043d\u0435 \u043d\u0430 \u0441\u0434\u0435\u043b\u043a\u0438 \u0441 \u043d\u0435\u0434\u0432\u0438\u0436\u0438\u043c\u0438 \u0438\u043c\u043e\u0442\u0438, AVASOLIS \u0441\u0435 \u044f\u0432\u044f\u0432\u0430 \u0437\u0430\u0434\u044a\u043b\u0436\u0435\u043d\u043e \u043b\u0438\u0446\u0435 \u043f\u043e \u0447\u043b. 4, \u0442. 18 \u043e\u0442 \u0417\u0430\u043a\u043e\u043d\u0430 \u0437\u0430 \u043c\u0435\u0440\u043a\u0438\u0442\u0435 \u0441\u0440\u0435\u0449\u0443 \u0438\u0437\u043f\u0438\u0440\u0430\u043d\u0435\u0442\u043e \u043d\u0430 \u043f\u0430\u0440\u0438 (\u0417\u041c\u0418\u041f) \u0438 \u0447\u043b. 9, \u0430\u043b. 2 \u043e\u0442 \u0417\u0430\u043a\u043e\u043d\u0430 \u0437\u0430 \u043c\u0435\u0440\u043a\u0438\u0442\u0435 \u0441\u0440\u0435\u0449\u0443 \u0444\u0438\u043d\u0430\u043d\u0441\u0438\u0440\u0430\u043d\u0435 \u043d\u0430 \u0442\u0435\u0440\u043e\u0440\u0438\u0437\u043c\u0430 (\u0417\u041c\u0424\u0422). \u0421\u044a\u0433\u043b\u0430\u0441\u043d\u043e \u0446\u0438\u0442\u0438\u0440\u0430\u043d\u0438\u0442\u0435 \u0437\u0430\u043a\u043e\u043d\u0438, \u043f\u0440\u0435\u0434\u0438 [&hellip;]<\/p>\n","protected":false},"author":1240,"featured_media":0,"parent":0,"menu_order":0,"comment_status":"closed","ping_status":"closed","template":"template\/template-page.php","meta":{"footnotes":""},"class_list":["post-10933","page","type-page","status-publish","hentry"],"_links":{"self":[{"href":"https:\/\/avasolis.com\/fr\/wp-json\/wp\/v2\/pages\/10933","targetHints":{"allow":["GET"]}}],"collection":[{"href":"https:\/\/avasolis.com\/fr\/wp-json\/wp\/v2\/pages"}],"about":[{"href":"https:\/\/avasolis.com\/fr\/wp-json\/wp\/v2\/types\/page"}],"author":[{"embeddable":true,"href":"https:\/\/avasolis.com\/fr\/wp-json\/wp\/v2\/users\/1240"}],"replies":[{"embeddable":true,"href":"https:\/\/avasolis.com\/fr\/wp-json\/wp\/v2\/comments?post=10933"}],"version-history":[{"count":2,"href":"https:\/\/avasolis.com\/fr\/wp-json\/wp\/v2\/pages\/10933\/revisions"}],"predecessor-version":[{"id":10935,"href":"https:\/\/avasolis.com\/fr\/wp-json\/wp\/v2\/pages\/10933\/revisions\/10935"}],"wp:attachment":[{"href":"https:\/\/avasolis.com\/fr\/wp-json\/wp\/v2\/media?parent=10933"}],"curies":[{"name":"wp","href":"https:\/\/api.w.org\/{rel}","templated":true}]}}