{"id":10933,"date":"2025-03-01T16:59:03","date_gmt":"2025-03-01T14:59:03","guid":{"rendered":"https:\/\/avasolis.com\/?page_id=10933"},"modified":"2025-03-01T17:00:46","modified_gmt":"2025-03-01T15:00:46","slug":"zmip","status":"publish","type":"page","link":"https:\/\/avasolis.com\/de\/zmip\/","title":{"rendered":"ZMIIP"},"content":{"rendered":"<p>Wir m\u00f6chten Sie hiermit freundlich informieren, dass wir in unserer Eigenschaft als Vermittler bei der Durchf\u00fchrung von Immobiliengesch\u00e4ften, <strong>AVASOLIS<\/strong> gilt als verpflichtete Person gem\u00e4\u00df <strong>Art. 4, Nr. 18 des Gesetzes \u00fcber Ma\u00dfnahmen gegen die Geldw\u00e4sche (GwG)<\/strong> und <strong>Art. 9 Abs. 2 des Gesetzes \u00fcber Ma\u00dfnahmen zur Bek\u00e4mpfung der Terrorismusfinanzierung (GzTFin)<\/strong>.<\/p>\n\n\n\n<p>Gem\u00e4\u00df den zitierten Gesetzen, vor dem Abschluss von <strong>Vermittlungsvertrag f\u00fcr den Kauf und Verkauf von Immobilien, Vereinbarung \u00fcber eine Anzahlung<\/strong> und andere Dokumente, sowie bei <strong>Immobilienmietvertr\u00e4ge<\/strong>, bei denen die monatliche Miete betr\u00e4gt oder \u00fcbersteigt <strong>10.000 Euro<\/strong> oder deren Gegenwert in einer anderen W\u00e4hrung, <strong>Wir sind verpflichtet, eine umfassende Pr\u00fcfung durchzuf\u00fchren, einschlie\u00dflich der Identifizierung der Kunden<\/strong>Daf\u00fcr ben\u00f6tigen wir folgende Dokumente:<\/p>\n\n\n\n<h4 class=\"wp-block-heading\">Ben\u00f6tigte Dokumente<\/h4>\n\n\n\n<h5 class=\"wp-block-heading\">F\u00fcr nat\u00fcrliche Personen<\/h5>\n\n\n\n<ul class=\"wp-block-list\">\n<li><strong>Kopie eines Ausweisdokuments<\/strong>:\n<ul class=\"wp-block-list\">\n<li>Personalausweis (f\u00fcr bulgarische Staatsb\u00fcrger)<\/li>\n\n\n\n<li>Reisepass (f\u00fcr ausl\u00e4ndische Staatsb\u00fcrger)<\/li>\n\n\n\n<li>Dokument, der den Aufenthalt ausl\u00e4ndischer B\u00fcrger in Bulgarien bescheinigt<\/li>\n<\/ul>\n<\/li>\n<\/ul>\n\n\n\n<h5 class=\"wp-block-heading\">F\u00fcr juristische Personen<\/h5>\n\n\n\n<ul class=\"wp-block-list\">\n<li><strong>Kopie eines Ausweisdokuments<\/strong> an den gesetzlichen Vertreter(n) und an den tats\u00e4chlichen Eigent\u00fcmer(n).<\/li>\n\n\n\n<li><strong>Kopie der Vollmacht<\/strong>, wenn eine andere Person als der gesetzliche Vertreter Sie vertritt, sowie eine Kopie des Ausweisdokuments des Bevollm\u00e4chtigten.<\/li>\n\n\n\n<li><strong>Erkl\u00e4rung gem\u00e4\u00df Art. 42 Abs. 2 Ziff. 2 des GwG<\/strong> \u2013 f\u00fcr eine prominente politische Pers\u00f6nlichkeit, die best\u00e4tigt, ob der Kunde in die Kategorien f\u00e4llt <strong>Art. 36, Abs. 2<\/strong> und <strong>Art. 36, Abs. 5<\/strong> auf dem Geldw\u00e4schegesetz.<\/li>\n\n\n\n<li><strong>Erkl\u00e4rung gem\u00e4\u00df Art. 59 Abs. 1 Nr. 3 des GwG<\/strong> \u2013 f\u00fcr den tats\u00e4chlichen Kapitalinhaber einer juristischen Person (falls keine Erkl\u00e4rung gem\u00e4\u00df <strong>Art. 63, Abs. 4<\/strong> im Handelsregister oder die tats\u00e4chlichen Eigent\u00fcmer nicht als Gesellschafter eingetragen sind).<\/li>\n\n\n\n<li><strong>Erkl\u00e4rung gem\u00e4\u00df Art. 66 Abs. 2 des GwG<\/strong> \u2013 zum Ursprung der Mittel beim Kauf einer Immobilie oder der Anmietung einer Immobilie mit einem monatlichen Mietwert <strong>von oder \u00fcber 10.000 Euro<\/strong>.<\/li>\n\n\n\n<li><strong>Informationsfragebogen<\/strong> \u2013 wird von den Kunden (nat\u00fcrliche oder juristische Personen) ausgef\u00fcllt.<\/li>\n<\/ul>\n\n\n\n<h4 class=\"wp-block-heading\">Dokumentenaufbewahrung und -verarbeitung<\/h4>\n\n\n\n<p>Die von Ihnen zur Verf\u00fcgung gestellten Dokumente sowie Kopien davon werden ordnungsgem\u00e4\u00df aufbewahrt und verwendet. <strong>einzig<\/strong> bei Kontrollen durch die zust\u00e4ndigen staatlichen Stellen, einschlie\u00dflich <strong>Direktion \"Finanzermittlung\" der Staatlichen Agentur \"Nationale Sicherheit\"<\/strong>.<\/p>\n\n\n\n<p>Die Verarbeitung personenbezogener Daten zum Zwecke der Pr\u00e4vention von <strong>Geldw\u00e4sche<\/strong> und <strong>Terrorismusfinanzierung<\/strong> gilt als Frage von <strong>\u00f6ffentliches Interesse<\/strong> gem\u00e4\u00df <strong>Verordnung (EU) 2016\/679<\/strong> und <strong>kann nicht eingeschr\u00e4nkt werden<\/strong> von den Anforderungen <strong>Art. 12 \u2013 22<\/strong> und <strong>Art. 34<\/strong> aus derselben Verordnung (Art. 83 Abs. 2 GwG).<\/p>\n\n\n\n<h4 class=\"wp-block-heading\">Datenschutzrichtlinie<\/h4>\n\n\n\n<p>Zu Ihrer Erleichterung, <strong>in unserer Rubrik \"Datenschutzrichtlinie\"<\/strong> Sie finden detaillierte Informationen zu:<\/p>\n\n\n\n<ul class=\"wp-block-list\">\n<li>Die Kategorien personenbezogener Daten, die wir verarbeiten;<\/li>\n\n\n\n<li>Die Rechtsgrundlage f\u00fcr die Verarbeitung personenbezogener Daten;<\/li>\n\n\n\n<li>Empf\u00e4ngerkategorien;<\/li>\n\n\n\n<li>Die Aufbewahrungsfristen f\u00fcr jeden Verarbeitungszweck.<\/li>\n<\/ul>\n\n\n\n<h4 class=\"wp-block-heading\">Gesetzliche Kundenidentifizierung<\/h4>\n\n\n\n<p>Gem\u00e4\u00df <strong>Art. 4 des GwG<\/strong>, alle verpflichteten Personen (Finanzinstitute, Immobilienagenturen, Notare und andere) <strong>sind verpflichtet, ihre Kunden zu identifizieren<\/strong> durch Vorlage eines offiziellen Ausweisdokuments und Anfertigung einer Kopie davon (<strong>Art. 53 Abs. 1 des GwG<\/strong>).<\/p>\n\n\n\n<p><strong>F\u00fcr nat\u00fcrliche Personen<\/strong>die Identifizierung umfasst <strong>Kunden<\/strong>, <strong>gesetzliche Vertreter<\/strong> und <strong>wirtschaftliche Eigent\u00fcmer<\/strong>.<\/p>\n\n\n\n<p><strong>F\u00fcr juristische Personen<\/strong>au\u00dfer Kopien von Ausweisdokumenten werden auch ben\u00f6tigt <strong>\u00f6ffentlich zug\u00e4ngliche Dokumente<\/strong> als:<\/p>\n\n\n\n<ul class=\"wp-block-list\">\n<li><strong>Aktueller Bericht \u00fcber den Status des Unternehmens<\/strong><\/li>\n\n\n\n<li><strong>Aktuelle Satzung oder Gesellschaftsvertrag<\/strong><\/li>\n\n\n\n<li><strong>Informationen \u00fcber die tats\u00e4chlichen Kapitalinhaber und die Vertreter des Unternehmens<\/strong><\/li>\n<\/ul>\n\n\n\n<h4 class=\"wp-block-heading\">Fernabschl\u00fcssen von Vertr\u00e4gen<\/h4>\n\n\n\n<p>Bei Abschluss von <strong>Vermittlungsvertrag f\u00fcr Kauf und Verkauf<\/strong> oder <strong>Vereinbarung \u00fcber eine Kaution<\/strong> durch <strong>elektronische Erkl\u00e4rung, elektronische Signatur oder eine andere Form<\/strong> ohne Anwesenheit des Kunden k\u00f6nnen angefordert werden <strong>zus\u00e4tzliche Dokumente<\/strong>, um die Einhaltung der gesetzlichen Bestimmungen zu gew\u00e4hrleisten.<\/p>\n\n\n\n<h4 class=\"wp-block-heading\">Kontakt<\/h4>\n\n\n\n<p>Bei Fragen <strong>Z\u00f6gern Sie nicht, uns zu kontaktieren!<\/strong><\/p>","protected":false},"excerpt":{"rendered":"<p>\u041b\u044e\u0431\u0435\u0437\u043d\u043e \u0438\u0441\u043a\u0430\u043c\u0435 \u0434\u0430 \u0412\u0438 \u0443\u0432\u0435\u0434\u043e\u043c\u0438\u043c, \u0447\u0435 \u0432 \u043a\u0430\u0447\u0435\u0441\u0442\u0432\u043e\u0442\u043e \u0441\u0438 \u043d\u0430 \u043f\u043e\u0441\u0440\u0435\u0434\u043d\u0438\u043a \u043f\u0440\u0438 \u043e\u0441\u044a\u0449\u0435\u0441\u0442\u0432\u044f\u0432\u0430\u043d\u0435 \u043d\u0430 \u0441\u0434\u0435\u043b\u043a\u0438 \u0441 \u043d\u0435\u0434\u0432\u0438\u0436\u0438\u043c\u0438 \u0438\u043c\u043e\u0442\u0438, AVASOLIS \u0441\u0435 \u044f\u0432\u044f\u0432\u0430 \u0437\u0430\u0434\u044a\u043b\u0436\u0435\u043d\u043e \u043b\u0438\u0446\u0435 \u043f\u043e \u0447\u043b. 4, \u0442. 18 \u043e\u0442 \u0417\u0430\u043a\u043e\u043d\u0430 \u0437\u0430 \u043c\u0435\u0440\u043a\u0438\u0442\u0435 \u0441\u0440\u0435\u0449\u0443 \u0438\u0437\u043f\u0438\u0440\u0430\u043d\u0435\u0442\u043e \u043d\u0430 \u043f\u0430\u0440\u0438 (\u0417\u041c\u0418\u041f) \u0438 \u0447\u043b. 9, \u0430\u043b. 2 \u043e\u0442 \u0417\u0430\u043a\u043e\u043d\u0430 \u0437\u0430 \u043c\u0435\u0440\u043a\u0438\u0442\u0435 \u0441\u0440\u0435\u0449\u0443 \u0444\u0438\u043d\u0430\u043d\u0441\u0438\u0440\u0430\u043d\u0435 \u043d\u0430 \u0442\u0435\u0440\u043e\u0440\u0438\u0437\u043c\u0430 (\u0417\u041c\u0424\u0422). \u0421\u044a\u0433\u043b\u0430\u0441\u043d\u043e \u0446\u0438\u0442\u0438\u0440\u0430\u043d\u0438\u0442\u0435 \u0437\u0430\u043a\u043e\u043d\u0438, \u043f\u0440\u0435\u0434\u0438 [&hellip;]<\/p>\n","protected":false},"author":1240,"featured_media":0,"parent":0,"menu_order":0,"comment_status":"closed","ping_status":"closed","template":"template\/template-page.php","meta":{"footnotes":""},"class_list":["post-10933","page","type-page","status-publish","hentry"],"_links":{"self":[{"href":"https:\/\/avasolis.com\/de\/wp-json\/wp\/v2\/pages\/10933","targetHints":{"allow":["GET"]}}],"collection":[{"href":"https:\/\/avasolis.com\/de\/wp-json\/wp\/v2\/pages"}],"about":[{"href":"https:\/\/avasolis.com\/de\/wp-json\/wp\/v2\/types\/page"}],"author":[{"embeddable":true,"href":"https:\/\/avasolis.com\/de\/wp-json\/wp\/v2\/users\/1240"}],"replies":[{"embeddable":true,"href":"https:\/\/avasolis.com\/de\/wp-json\/wp\/v2\/comments?post=10933"}],"version-history":[{"count":2,"href":"https:\/\/avasolis.com\/de\/wp-json\/wp\/v2\/pages\/10933\/revisions"}],"predecessor-version":[{"id":10935,"href":"https:\/\/avasolis.com\/de\/wp-json\/wp\/v2\/pages\/10933\/revisions\/10935"}],"wp:attachment":[{"href":"https:\/\/avasolis.com\/de\/wp-json\/wp\/v2\/media?parent=10933"}],"curies":[{"name":"wp","href":"https:\/\/api.w.org\/{rel}","templated":true}]}}